{"id":2425,"date":"2025-10-01T23:22:19","date_gmt":"2025-10-01T21:22:19","guid":{"rendered":"https:\/\/kraje.rsd.cz\/liberecky\/?page_id=2425"},"modified":"2025-10-02T14:56:14","modified_gmt":"2025-10-02T12:56:14","slug":"kontakty","status":"publish","type":"page","link":"https:\/\/kraje.rsd.cz\/liberecky\/kontakty\/","title":{"rendered":"Kontakty"},"content":{"rendered":"\t\t<div data-elementor-type=\"wp-page\" data-elementor-id=\"2425\" class=\"elementor elementor-2425\" data-elementor-post-type=\"page\">\n\t\t\t\t<div class=\"elementor-element elementor-element-7e58ccd3 e-flex e-con-boxed e-con e-parent\" data-id=\"7e58ccd3\" data-element_type=\"container\" data-e-type=\"container\" data-settings=\"{&quot;background_background&quot;:&quot;classic&quot;}\">\n\t\t\t\t\t<div class=\"e-con-inner\">\n\t\t<div class=\"elementor-element elementor-element-74de57e0 e-con-full e-flex e-con e-child\" data-id=\"74de57e0\" data-element_type=\"container\" data-e-type=\"container\">\n\t\t\t\t<div class=\"elementor-element elementor-element-4cbb479b elementor-widget elementor-widget-theme-post-title elementor-page-title elementor-widget-heading\" data-id=\"4cbb479b\" data-element_type=\"widget\" data-e-type=\"widget\" data-widget_type=\"theme-post-title.default\">\n\t\t\t\t\t<h1 class=\"elementor-heading-title elementor-size-default\">Kontakty<\/h1>\t\t\t\t<\/div>\n\t\t\t\t<div class=\"elementor-element elementor-element-3d1b8e5c elementor-widget elementor-widget-heading\" data-id=\"3d1b8e5c\" data-element_type=\"widget\" data-e-type=\"widget\" data-widget_type=\"heading.default\">\n\t\t\t\t\t<h2 class=\"elementor-heading-title elementor-size-default\"> pro Libereck\u00fd kraj<\/h2>\t\t\t\t<\/div>\n\t\t\t\t<\/div>\n\t\t\t\t\t<\/div>\n\t\t\t\t<\/div>\n\t\t<div class=\"elementor-element elementor-element-730cde21 e-flex e-con-boxed e-con e-parent\" data-id=\"730cde21\" data-element_type=\"container\" data-e-type=\"container\" data-settings=\"{&quot;background_background&quot;:&quot;classic&quot;}\">\n\t\t\t\t\t<div class=\"e-con-inner\">\n\t\t\t\t<div class=\"elementor-element elementor-element-17d75da6 elementor-widget elementor-widget-text-editor\" data-id=\"17d75da6\" data-element_type=\"widget\" data-e-type=\"widget\" data-widget_type=\"text-editor.default\">\n\t\t\t\t\t\t\t\t\t<p><strong>\u0158editel Spr\u00e1vy Liberec<\/strong><br \/>Ing. Jan Wohlmuth<br \/>tel.: 954 911 120<\/p><p><strong>Vedouc\u00ed provozn\u00edho \u00faseku<br \/><\/strong>Ing. Jakub Hu\u0161ek<br \/>email: jakub.husek@rsd.cz<br \/>tel.: 954 911 130<\/p><p><strong>\u010clen t\u00fdmu komunikace<\/strong><br \/>Kamila Zah\u00e1lkov\u00e1<br \/>E-mail: kamila.zahalkova@rsd.cz<\/p><p><strong>Spr\u00e1va Liberec<\/strong><br \/>Zeyerova 1310<br \/>460 55 Liberec<\/p><p><b>Provozovatel webu je<br \/><\/b><b>\u0158editelstv\u00ed silnic a d\u00e1lnic s. p.<\/b><\/p><p>Doru\u010dovac\u00ed adresa: \u010cer\u010dansk\u00e1 2023\/12, Kr\u010d, 140 00 Praha 4<br \/>S\u00eddlo organizace: \u010cer\u010dansk\u00e1 2023\/12, Kr\u010d, 140 00 Praha 4<br \/>Datov\u00e1 schr\u00e1nka:\u00a0zjq4rhz<br \/>www.rsd.cz<\/p>\t\t\t\t\t\t\t\t<\/div>\n\t\t\t\t\t<\/div>\n\t\t\t\t<\/div>\n\t\t\t\t<\/div>\n\t\t","protected":false},"excerpt":{"rendered":"<p>pro Libereck\u00fd kraj \u0158editel Spr\u00e1vy LiberecIng. Jan Wohlmuthtel.: 954 911 120 Vedouc\u00ed provozn\u00edho \u00fasekuIng. Jakub Hu\u0161ekemail: jakub.husek@rsd.cztel.: 954 911 130 \u010clen t\u00fdmu komunikaceKamila Zah\u00e1lkov\u00e1E-mail: kamila.zahalkova@rsd.cz Spr\u00e1va LiberecZeyerova 1310460 55 Liberec Provozovatel webu je\u0158editelstv\u00ed silnic a d\u00e1lnic s. p. Doru\u010dovac\u00ed adresa: \u010cer\u010dansk\u00e1 2023\/12, Kr\u010d, 140 00 Praha 4S\u00eddlo organizace: \u010cer\u010dansk\u00e1 2023\/12, Kr\u010d, 140 00 Praha 4Datov\u00e1 [&hellip;]<\/p>\n","protected":false},"author":1,"featured_media":0,"parent":0,"menu_order":0,"comment_status":"closed","ping_status":"closed","template":"","meta":{"_acf_changed":false,"footnotes":""},"class_list":["post-2425","page","type-page","status-publish","hentry"],"acf":[],"yoast_head":"<!-- This site is optimized with the Yoast SEO plugin v27.4 - https:\/\/yoast.com\/product\/yoast-seo-wordpress\/ -->\n<title>Kontakty - \u0158editelstv\u00ed silnic a d\u00e1lnic s. p. pro Libereck\u00fd kraj<\/title>\n<meta name=\"robots\" content=\"index, follow, max-snippet:-1, max-image-preview:large, max-video-preview:-1\" \/>\n<link rel=\"canonical\" href=\"https:\/\/kraje.rsd.cz\/liberecky\/kontakty\/\" \/>\n<meta property=\"og:locale\" content=\"cs_CZ\" \/>\n<meta property=\"og:type\" content=\"article\" \/>\n<meta property=\"og:title\" content=\"Kontakty - \u0158editelstv\u00ed silnic a d\u00e1lnic s. p. pro Libereck\u00fd kraj\" \/>\n<meta property=\"og:description\" content=\"pro Libereck\u00fd kraj \u0158editel Spr\u00e1vy LiberecIng. Jan Wohlmuthtel.: 954 911 120 Vedouc\u00ed provozn\u00edho \u00fasekuIng. Jakub Hu\u0161ekemail: jakub.husek@rsd.cztel.: 954 911 130 \u010clen t\u00fdmu komunikaceKamila Zah\u00e1lkov\u00e1E-mail: kamila.zahalkova@rsd.cz Spr\u00e1va LiberecZeyerova 1310460 55 Liberec Provozovatel webu je\u0158editelstv\u00ed silnic a d\u00e1lnic s. p. Doru\u010dovac\u00ed adresa: \u010cer\u010dansk\u00e1 2023\/12, Kr\u010d, 140 00 Praha 4S\u00eddlo organizace: \u010cer\u010dansk\u00e1 2023\/12, Kr\u010d, 140 00 Praha 4Datov\u00e1 [&hellip;]\" \/>\n<meta property=\"og:url\" content=\"https:\/\/kraje.rsd.cz\/liberecky\/kontakty\/\" \/>\n<meta property=\"og:site_name\" content=\"\u0158editelstv\u00ed silnic a d\u00e1lnic s. p. pro Libereck\u00fd kraj\" \/>\n<meta property=\"article:modified_time\" content=\"2025-10-02T12:56:14+00:00\" \/>\n<meta name=\"twitter:card\" content=\"summary_large_image\" \/>\n<meta name=\"twitter:label1\" content=\"Odhadovan\u00e1 doba \u010dten\u00ed\" \/>\n\t<meta name=\"twitter:data1\" content=\"1 minuta\" \/>\n<script type=\"application\/ld+json\" class=\"yoast-schema-graph\">{\"@context\":\"https:\\\/\\\/schema.org\",\"@graph\":[{\"@type\":\"WebPage\",\"@id\":\"https:\\\/\\\/kraje.rsd.cz\\\/liberecky\\\/kontakty\\\/\",\"url\":\"https:\\\/\\\/kraje.rsd.cz\\\/liberecky\\\/kontakty\\\/\",\"name\":\"Kontakty - \u0158editelstv\u00ed silnic a d\u00e1lnic s. p. pro Libereck\u00fd kraj\",\"isPartOf\":{\"@id\":\"https:\\\/\\\/kraje.rsd.cz\\\/liberecky\\\/#website\"},\"datePublished\":\"2025-10-01T21:22:19+00:00\",\"dateModified\":\"2025-10-02T12:56:14+00:00\",\"breadcrumb\":{\"@id\":\"https:\\\/\\\/kraje.rsd.cz\\\/liberecky\\\/kontakty\\\/#breadcrumb\"},\"inLanguage\":\"cs\",\"potentialAction\":[{\"@type\":\"ReadAction\",\"target\":[\"https:\\\/\\\/kraje.rsd.cz\\\/liberecky\\\/kontakty\\\/\"]}]},{\"@type\":\"BreadcrumbList\",\"@id\":\"https:\\\/\\\/kraje.rsd.cz\\\/liberecky\\\/kontakty\\\/#breadcrumb\",\"itemListElement\":[{\"@type\":\"ListItem\",\"position\":1,\"name\":\"Dom\u016f\",\"item\":\"https:\\\/\\\/kraje.rsd.cz\\\/liberecky\\\/\"},{\"@type\":\"ListItem\",\"position\":2,\"name\":\"Kontakty\"}]},{\"@type\":\"WebSite\",\"@id\":\"https:\\\/\\\/kraje.rsd.cz\\\/liberecky\\\/#website\",\"url\":\"https:\\\/\\\/kraje.rsd.cz\\\/liberecky\\\/\",\"name\":\"\u0158editelstv\u00ed silnic a d\u00e1lnic s. p. pro Libereck\u00fd kraj\",\"description\":\"\",\"potentialAction\":[{\"@type\":\"SearchAction\",\"target\":{\"@type\":\"EntryPoint\",\"urlTemplate\":\"https:\\\/\\\/kraje.rsd.cz\\\/liberecky\\\/?s={search_term_string}\"},\"query-input\":{\"@type\":\"PropertyValueSpecification\",\"valueRequired\":true,\"valueName\":\"search_term_string\"}}],\"inLanguage\":\"cs\"}]}<\/script>\n<!-- \/ Yoast SEO plugin. -->","yoast_head_json":{"title":"Kontakty - \u0158editelstv\u00ed silnic a d\u00e1lnic s. p. pro Libereck\u00fd kraj","robots":{"index":"index","follow":"follow","max-snippet":"max-snippet:-1","max-image-preview":"max-image-preview:large","max-video-preview":"max-video-preview:-1"},"canonical":"https:\/\/kraje.rsd.cz\/liberecky\/kontakty\/","og_locale":"cs_CZ","og_type":"article","og_title":"Kontakty - \u0158editelstv\u00ed silnic a d\u00e1lnic s. p. pro Libereck\u00fd kraj","og_description":"pro Libereck\u00fd kraj \u0158editel Spr\u00e1vy LiberecIng. Jan Wohlmuthtel.: 954 911 120 Vedouc\u00ed provozn\u00edho \u00fasekuIng. Jakub Hu\u0161ekemail: jakub.husek@rsd.cztel.: 954 911 130 \u010clen t\u00fdmu komunikaceKamila Zah\u00e1lkov\u00e1E-mail: kamila.zahalkova@rsd.cz Spr\u00e1va LiberecZeyerova 1310460 55 Liberec Provozovatel webu je\u0158editelstv\u00ed silnic a d\u00e1lnic s. p. Doru\u010dovac\u00ed adresa: \u010cer\u010dansk\u00e1 2023\/12, Kr\u010d, 140 00 Praha 4S\u00eddlo organizace: \u010cer\u010dansk\u00e1 2023\/12, Kr\u010d, 140 00 Praha 4Datov\u00e1 [&hellip;]","og_url":"https:\/\/kraje.rsd.cz\/liberecky\/kontakty\/","og_site_name":"\u0158editelstv\u00ed silnic a d\u00e1lnic s. p. pro Libereck\u00fd kraj","article_modified_time":"2025-10-02T12:56:14+00:00","twitter_card":"summary_large_image","twitter_misc":{"Odhadovan\u00e1 doba \u010dten\u00ed":"1 minuta"},"schema":{"@context":"https:\/\/schema.org","@graph":[{"@type":"WebPage","@id":"https:\/\/kraje.rsd.cz\/liberecky\/kontakty\/","url":"https:\/\/kraje.rsd.cz\/liberecky\/kontakty\/","name":"Kontakty - \u0158editelstv\u00ed silnic a d\u00e1lnic s. p. pro Libereck\u00fd kraj","isPartOf":{"@id":"https:\/\/kraje.rsd.cz\/liberecky\/#website"},"datePublished":"2025-10-01T21:22:19+00:00","dateModified":"2025-10-02T12:56:14+00:00","breadcrumb":{"@id":"https:\/\/kraje.rsd.cz\/liberecky\/kontakty\/#breadcrumb"},"inLanguage":"cs","potentialAction":[{"@type":"ReadAction","target":["https:\/\/kraje.rsd.cz\/liberecky\/kontakty\/"]}]},{"@type":"BreadcrumbList","@id":"https:\/\/kraje.rsd.cz\/liberecky\/kontakty\/#breadcrumb","itemListElement":[{"@type":"ListItem","position":1,"name":"Dom\u016f","item":"https:\/\/kraje.rsd.cz\/liberecky\/"},{"@type":"ListItem","position":2,"name":"Kontakty"}]},{"@type":"WebSite","@id":"https:\/\/kraje.rsd.cz\/liberecky\/#website","url":"https:\/\/kraje.rsd.cz\/liberecky\/","name":"\u0158editelstv\u00ed silnic a d\u00e1lnic s. p. pro Libereck\u00fd kraj","description":"","potentialAction":[{"@type":"SearchAction","target":{"@type":"EntryPoint","urlTemplate":"https:\/\/kraje.rsd.cz\/liberecky\/?s={search_term_string}"},"query-input":{"@type":"PropertyValueSpecification","valueRequired":true,"valueName":"search_term_string"}}],"inLanguage":"cs"}]}},"_links":{"self":[{"href":"https:\/\/kraje.rsd.cz\/liberecky\/wp-json\/wp\/v2\/pages\/2425","targetHints":{"allow":["GET"]}}],"collection":[{"href":"https:\/\/kraje.rsd.cz\/liberecky\/wp-json\/wp\/v2\/pages"}],"about":[{"href":"https:\/\/kraje.rsd.cz\/liberecky\/wp-json\/wp\/v2\/types\/page"}],"author":[{"embeddable":true,"href":"https:\/\/kraje.rsd.cz\/liberecky\/wp-json\/wp\/v2\/users\/1"}],"replies":[{"embeddable":true,"href":"https:\/\/kraje.rsd.cz\/liberecky\/wp-json\/wp\/v2\/comments?post=2425"}],"version-history":[{"count":0,"href":"https:\/\/kraje.rsd.cz\/liberecky\/wp-json\/wp\/v2\/pages\/2425\/revisions"}],"wp:attachment":[{"href":"https:\/\/kraje.rsd.cz\/liberecky\/wp-json\/wp\/v2\/media?parent=2425"}],"curies":[{"name":"wp","href":"https:\/\/api.w.org\/{rel}","templated":true}]}}