{"id":2495,"date":"2025-10-06T15:28:14","date_gmt":"2025-10-06T13:28:14","guid":{"rendered":"https:\/\/kraje.rsd.cz\/plzensky\/?page_id=2495"},"modified":"2025-10-06T15:29:30","modified_gmt":"2025-10-06T13:29:30","slug":"fotogalerie","status":"publish","type":"page","link":"https:\/\/kraje.rsd.cz\/plzensky\/fotogalerie\/","title":{"rendered":"Fotogalerie"},"content":{"rendered":"\t\t<div data-elementor-type=\"wp-page\" data-elementor-id=\"2495\" class=\"elementor elementor-2495\" data-elementor-post-type=\"page\">\n\t\t\t\t<div class=\"elementor-element elementor-element-6a0507fc e-flex e-con-boxed e-con e-parent\" data-id=\"6a0507fc\" data-element_type=\"container\" data-e-type=\"container\" data-settings=\"{&quot;background_background&quot;:&quot;classic&quot;}\">\n\t\t\t\t\t<div class=\"e-con-inner\">\n\t\t<div class=\"elementor-element elementor-element-46dba2de e-con-full e-flex e-con e-child\" data-id=\"46dba2de\" data-element_type=\"container\" data-e-type=\"container\">\n\t\t\t\t<div class=\"elementor-element elementor-element-353d4e19 elementor-widget elementor-widget-theme-post-title elementor-page-title elementor-widget-heading\" data-id=\"353d4e19\" data-element_type=\"widget\" data-e-type=\"widget\" data-widget_type=\"theme-post-title.default\">\n\t\t\t\t\t<h1 class=\"elementor-heading-title elementor-size-default\">Fotogalerie<\/h1>\t\t\t\t<\/div>\n\t\t\t\t<\/div>\n\t\t\t\t\t<\/div>\n\t\t\t\t<\/div>\n\t\t<div class=\"elementor-element elementor-element-40f14b3f e-flex e-con-boxed e-con e-parent\" data-id=\"40f14b3f\" data-element_type=\"container\" data-e-type=\"container\" data-settings=\"{&quot;background_background&quot;:&quot;classic&quot;}\">\n\t\t\t\t\t<div class=\"e-con-inner\">\n\t\t\t\t<div class=\"elementor-element elementor-element-68854472 elementor-widget elementor-widget-html\" data-id=\"68854472\" data-element_type=\"widget\" data-e-type=\"widget\" data-widget_type=\"html.default\">\n\t\t\t\t\t<div id=\"iframewrap-wrap\">\r\n<div id=\"iframewrap\"><iframe id=\"inneriframe\" src=\"https:\/\/fotobanka-rsd.roadmedia.cz\/\"><\/iframe>\r\n<\/div>\r\n<\/div>\t\t\t\t<\/div>\n\t\t\t\t\t<\/div>\n\t\t\t\t<\/div>\n\t\t\t\t<\/div>\n\t\t","protected":false},"excerpt":{"rendered":"","protected":false},"author":1,"featured_media":0,"parent":0,"menu_order":0,"comment_status":"closed","ping_status":"closed","template":"","meta":{"_acf_changed":false,"footnotes":""},"class_list":["post-2495","page","type-page","status-publish","hentry"],"acf":[],"yoast_head":"<!-- This site is optimized with the Yoast SEO plugin v27.3 - https:\/\/yoast.com\/product\/yoast-seo-wordpress\/ -->\n<title>Fotogalerie - \u0158editelstv\u00ed silnic a d\u00e1lnic s. p. pro Plze\u0148sk\u00fd kraj<\/title>\n<meta name=\"robots\" content=\"index, follow, max-snippet:-1, max-image-preview:large, max-video-preview:-1\" \/>\n<link rel=\"canonical\" href=\"https:\/\/kraje.rsd.cz\/plzensky\/fotogalerie\/\" \/>\n<meta property=\"og:locale\" content=\"cs_CZ\" \/>\n<meta property=\"og:type\" content=\"article\" \/>\n<meta property=\"og:title\" content=\"Fotogalerie - \u0158editelstv\u00ed silnic a d\u00e1lnic s. p. pro Plze\u0148sk\u00fd kraj\" \/>\n<meta property=\"og:url\" content=\"https:\/\/kraje.rsd.cz\/plzensky\/fotogalerie\/\" \/>\n<meta property=\"og:site_name\" content=\"\u0158editelstv\u00ed silnic a d\u00e1lnic s. p. pro Plze\u0148sk\u00fd kraj\" \/>\n<meta property=\"article:modified_time\" content=\"2025-10-06T13:29:30+00:00\" \/>\n<meta name=\"twitter:card\" content=\"summary_large_image\" \/>\n<meta name=\"twitter:label1\" content=\"Odhadovan\u00e1 doba \u010dten\u00ed\" \/>\n\t<meta name=\"twitter:data1\" content=\"1 minuta\" \/>\n<script type=\"application\/ld+json\" class=\"yoast-schema-graph\">{\"@context\":\"https:\\\/\\\/schema.org\",\"@graph\":[{\"@type\":\"WebPage\",\"@id\":\"https:\\\/\\\/kraje.rsd.cz\\\/plzensky\\\/fotogalerie\\\/\",\"url\":\"https:\\\/\\\/kraje.rsd.cz\\\/plzensky\\\/fotogalerie\\\/\",\"name\":\"Fotogalerie - \u0158editelstv\u00ed silnic a d\u00e1lnic s. p. pro Plze\u0148sk\u00fd kraj\",\"isPartOf\":{\"@id\":\"https:\\\/\\\/kraje.rsd.cz\\\/plzensky\\\/#website\"},\"datePublished\":\"2025-10-06T13:28:14+00:00\",\"dateModified\":\"2025-10-06T13:29:30+00:00\",\"breadcrumb\":{\"@id\":\"https:\\\/\\\/kraje.rsd.cz\\\/plzensky\\\/fotogalerie\\\/#breadcrumb\"},\"inLanguage\":\"cs\",\"potentialAction\":[{\"@type\":\"ReadAction\",\"target\":[\"https:\\\/\\\/kraje.rsd.cz\\\/plzensky\\\/fotogalerie\\\/\"]}]},{\"@type\":\"BreadcrumbList\",\"@id\":\"https:\\\/\\\/kraje.rsd.cz\\\/plzensky\\\/fotogalerie\\\/#breadcrumb\",\"itemListElement\":[{\"@type\":\"ListItem\",\"position\":1,\"name\":\"Dom\u016f\",\"item\":\"https:\\\/\\\/kraje.rsd.cz\\\/plzensky\\\/\"},{\"@type\":\"ListItem\",\"position\":2,\"name\":\"Fotogalerie\"}]},{\"@type\":\"WebSite\",\"@id\":\"https:\\\/\\\/kraje.rsd.cz\\\/plzensky\\\/#website\",\"url\":\"https:\\\/\\\/kraje.rsd.cz\\\/plzensky\\\/\",\"name\":\"\u0158editelstv\u00ed silnic a d\u00e1lnic s. p. pro Plze\u0148sk\u00fd kraj\",\"description\":\"\",\"potentialAction\":[{\"@type\":\"SearchAction\",\"target\":{\"@type\":\"EntryPoint\",\"urlTemplate\":\"https:\\\/\\\/kraje.rsd.cz\\\/plzensky\\\/?s={search_term_string}\"},\"query-input\":{\"@type\":\"PropertyValueSpecification\",\"valueRequired\":true,\"valueName\":\"search_term_string\"}}],\"inLanguage\":\"cs\"}]}<\/script>\n<!-- \/ Yoast SEO plugin. -->","yoast_head_json":{"title":"Fotogalerie - \u0158editelstv\u00ed silnic a d\u00e1lnic s. p. pro Plze\u0148sk\u00fd kraj","robots":{"index":"index","follow":"follow","max-snippet":"max-snippet:-1","max-image-preview":"max-image-preview:large","max-video-preview":"max-video-preview:-1"},"canonical":"https:\/\/kraje.rsd.cz\/plzensky\/fotogalerie\/","og_locale":"cs_CZ","og_type":"article","og_title":"Fotogalerie - \u0158editelstv\u00ed silnic a d\u00e1lnic s. p. pro Plze\u0148sk\u00fd kraj","og_url":"https:\/\/kraje.rsd.cz\/plzensky\/fotogalerie\/","og_site_name":"\u0158editelstv\u00ed silnic a d\u00e1lnic s. p. pro Plze\u0148sk\u00fd kraj","article_modified_time":"2025-10-06T13:29:30+00:00","twitter_card":"summary_large_image","twitter_misc":{"Odhadovan\u00e1 doba \u010dten\u00ed":"1 minuta"},"schema":{"@context":"https:\/\/schema.org","@graph":[{"@type":"WebPage","@id":"https:\/\/kraje.rsd.cz\/plzensky\/fotogalerie\/","url":"https:\/\/kraje.rsd.cz\/plzensky\/fotogalerie\/","name":"Fotogalerie - \u0158editelstv\u00ed silnic a d\u00e1lnic s. p. pro Plze\u0148sk\u00fd kraj","isPartOf":{"@id":"https:\/\/kraje.rsd.cz\/plzensky\/#website"},"datePublished":"2025-10-06T13:28:14+00:00","dateModified":"2025-10-06T13:29:30+00:00","breadcrumb":{"@id":"https:\/\/kraje.rsd.cz\/plzensky\/fotogalerie\/#breadcrumb"},"inLanguage":"cs","potentialAction":[{"@type":"ReadAction","target":["https:\/\/kraje.rsd.cz\/plzensky\/fotogalerie\/"]}]},{"@type":"BreadcrumbList","@id":"https:\/\/kraje.rsd.cz\/plzensky\/fotogalerie\/#breadcrumb","itemListElement":[{"@type":"ListItem","position":1,"name":"Dom\u016f","item":"https:\/\/kraje.rsd.cz\/plzensky\/"},{"@type":"ListItem","position":2,"name":"Fotogalerie"}]},{"@type":"WebSite","@id":"https:\/\/kraje.rsd.cz\/plzensky\/#website","url":"https:\/\/kraje.rsd.cz\/plzensky\/","name":"\u0158editelstv\u00ed silnic a d\u00e1lnic s. p. pro Plze\u0148sk\u00fd kraj","description":"","potentialAction":[{"@type":"SearchAction","target":{"@type":"EntryPoint","urlTemplate":"https:\/\/kraje.rsd.cz\/plzensky\/?s={search_term_string}"},"query-input":{"@type":"PropertyValueSpecification","valueRequired":true,"valueName":"search_term_string"}}],"inLanguage":"cs"}]}},"_links":{"self":[{"href":"https:\/\/kraje.rsd.cz\/plzensky\/wp-json\/wp\/v2\/pages\/2495","targetHints":{"allow":["GET"]}}],"collection":[{"href":"https:\/\/kraje.rsd.cz\/plzensky\/wp-json\/wp\/v2\/pages"}],"about":[{"href":"https:\/\/kraje.rsd.cz\/plzensky\/wp-json\/wp\/v2\/types\/page"}],"author":[{"embeddable":true,"href":"https:\/\/kraje.rsd.cz\/plzensky\/wp-json\/wp\/v2\/users\/1"}],"replies":[{"embeddable":true,"href":"https:\/\/kraje.rsd.cz\/plzensky\/wp-json\/wp\/v2\/comments?post=2495"}],"version-history":[{"count":0,"href":"https:\/\/kraje.rsd.cz\/plzensky\/wp-json\/wp\/v2\/pages\/2495\/revisions"}],"wp:attachment":[{"href":"https:\/\/kraje.rsd.cz\/plzensky\/wp-json\/wp\/v2\/media?parent=2495"}],"curies":[{"name":"wp","href":"https:\/\/api.w.org\/{rel}","templated":true}]}}