{"id":237,"date":"2025-10-10T08:01:11","date_gmt":"2025-10-10T06:01:11","guid":{"rendered":"https:\/\/kraje.rsd.cz\/silnice35\/?page_id=237"},"modified":"2025-11-12T09:01:51","modified_gmt":"2025-11-12T08:01:51","slug":"kontakty","status":"publish","type":"page","link":"https:\/\/kraje.rsd.cz\/s35\/kontakty\/","title":{"rendered":"Kontakty"},"content":{"rendered":"\t\t<div data-elementor-type=\"wp-page\" data-elementor-id=\"237\" class=\"elementor elementor-237\" data-elementor-post-type=\"page\">\n\t\t\t\t<div class=\"elementor-element elementor-element-64f21df4 e-flex e-con-boxed e-con e-parent\" data-id=\"64f21df4\" data-element_type=\"container\" data-e-type=\"container\" data-settings=\"{&quot;background_background&quot;:&quot;classic&quot;}\">\n\t\t\t\t\t<div class=\"e-con-inner\">\n\t\t<div class=\"elementor-element elementor-element-8fa7e05 e-con-full e-flex e-con e-child\" data-id=\"8fa7e05\" data-element_type=\"container\" data-e-type=\"container\">\n\t\t\t\t<div class=\"elementor-element elementor-element-303c6a4d elementor-widget elementor-widget-theme-post-title elementor-page-title elementor-widget-heading\" data-id=\"303c6a4d\" data-element_type=\"widget\" data-e-type=\"widget\" data-widget_type=\"theme-post-title.default\">\n\t\t\t\t\t<h1 class=\"elementor-heading-title elementor-size-default\">Kontakty<\/h1>\t\t\t\t<\/div>\n\t\t\t\t<div class=\"elementor-element elementor-element-75d4a7a5 elementor-widget elementor-widget-heading\" data-id=\"75d4a7a5\" data-element_type=\"widget\" data-e-type=\"widget\" data-widget_type=\"heading.default\">\n\t\t\t\t\t<h2 class=\"elementor-heading-title elementor-size-default\">Silnice I\/35 Turnov \u2013 \u00dalibice <br>\u0158editelstv\u00ed silnic a d\u00e1lnic s. p.\n<\/h2>\t\t\t\t<\/div>\n\t\t\t\t<\/div>\n\t\t\t\t\t<\/div>\n\t\t\t\t<\/div>\n\t\t<div class=\"elementor-element elementor-element-b779c69 e-flex e-con-boxed e-con e-parent\" data-id=\"b779c69\" data-element_type=\"container\" data-e-type=\"container\" data-settings=\"{&quot;background_background&quot;:&quot;classic&quot;}\">\n\t\t\t\t\t<div class=\"e-con-inner\">\n\t\t<div class=\"elementor-element elementor-element-d5f7fbc e-con-full e-flex e-con e-child\" data-id=\"d5f7fbc\" data-element_type=\"container\" data-e-type=\"container\" data-settings=\"{&quot;background_background&quot;:&quot;classic&quot;}\">\n\t\t\t\t<div class=\"elementor-element elementor-element-ebdb254 elementor-widget__width-inherit elementor-widget elementor-widget-text-editor\" data-id=\"ebdb254\" data-element_type=\"widget\" data-e-type=\"widget\" data-widget_type=\"text-editor.default\">\n\t\t\t\t\t\t\t\t\t<p><strong>\u0158editel Spr\u00e1vy Liberec<\/strong><br \/>Ing. Jan Wohlmuth<br \/>tel.: 954 911 120<\/p><p><strong>Vedouc\u00ed \u00faseku v\u00fdstavby <br \/><\/strong>Ing. Tom\u00e1\u0161 \u0160ulc<br \/>tel.: 954 911 129<\/p><p><strong>\u010clen t\u00fdmu komunikace Liberec<\/strong><br \/>Kamila Zah\u00e1lkov\u00e1<br \/>E-mail: kamila.zahalkova@rsd.cz<\/p><p><strong>Spr\u00e1va Liberec<\/strong><br \/>Zeyerova 1310<br \/>460 55 Liberec<\/p>\t\t\t\t\t\t\t\t<\/div>\n\t\t\t\t<div class=\"elementor-element elementor-element-2a1ad3d elementor-widget__width-inherit elementor-widget elementor-widget-text-editor\" data-id=\"2a1ad3d\" data-element_type=\"widget\" data-e-type=\"widget\" data-widget_type=\"text-editor.default\">\n\t\t\t\t\t\t\t\t\t<p><strong>\u00dasek I\/35 M\u00daK Ohrazenice<br \/><\/strong>Ing. Martin \u010cul\u00edk<br \/>tel.: 954 911 119<br \/>E-mail: martin.culik@rsd.cz<br \/><br \/><strong>\u00dasek I\/35 Ohrazenice \u2013 Vald\u0161tejnsko<\/strong>\u00a0<br \/>Ing. Janka H\u00f6rbov\u00e1<br \/>tel.: 954 911 142<br \/>E-mail: janka.horbova@rsd.cz<br \/><br \/><strong>\u00dasek<\/strong> <strong>I\/35 Vald\u0161tejnsko \u2013 \u010c\u00edmy\u0161l<\/strong><br \/>Ing. Janka H\u00f6rbov\u00e1<br \/>tel.: 954 911 142<br \/>E-mail: janka.horbova@rsd.cz<\/p><p><strong>\u00dasek I\/35 \u010c\u00edmy\u0161l \u2013 \u00dalibice<br \/><\/strong>Bc. Andrea Hlubu\u010dkov\u00e1<br \/>tel.: 954 911 124<br \/>E-mail: andrea.hlubuckova@rsd.cz<\/p>\t\t\t\t\t\t\t\t<\/div>\n\t\t\t\t<div class=\"elementor-element elementor-element-70e68e1 elementor-widget__width-inherit elementor-widget elementor-widget-text-editor\" data-id=\"70e68e1\" data-element_type=\"widget\" data-e-type=\"widget\" data-widget_type=\"text-editor.default\">\n\t\t\t\t\t\t\t\t\t<p><b>Provozovatel webu je<br \/><\/b><b>\u0158editelstv\u00ed silnic a d\u00e1lnic s. p.<\/b><\/p><p>Doru\u010dovac\u00ed adresa: <br \/>\u010cer\u010dansk\u00e1 2023\/12, <br \/>140 00 Praha 4-Kr\u010d<\/p><p>S\u00eddlo organizace: <br \/>\u010cer\u010dansk\u00e1 2023\/12, <br \/>140 00 Praha 4-Kr\u010d<\/p><p><span style=\"font-size: 1rem;\">Datov\u00e1 schr\u00e1nka:\u00a0zjq4rhz<br \/><\/span><span style=\"font-size: 1rem;\">Web: www.rsd.cz<\/span><\/p>\t\t\t\t\t\t\t\t<\/div>\n\t\t\t\t<\/div>\n\t\t\t\t\t<\/div>\n\t\t\t\t<\/div>\n\t\t\t\t<\/div>\n\t\t","protected":false},"excerpt":{"rendered":"<p>Silnice I\/35 Turnov \u2013 \u00dalibice \u0158editelstv\u00ed silnic a d\u00e1lnic s. p. \u0158editel Spr\u00e1vy LiberecIng. Jan Wohlmuthtel.: 954 911 120 Vedouc\u00ed \u00faseku v\u00fdstavby Ing. Tom\u00e1\u0161 \u0160ulctel.: 954 911 129 \u010clen t\u00fdmu komunikace LiberecKamila Zah\u00e1lkov\u00e1E-mail: kamila.zahalkova@rsd.cz Spr\u00e1va LiberecZeyerova 1310460 55 Liberec \u00dasek I\/35 M\u00daK OhrazeniceIng. Martin \u010cul\u00edktel.: 954 911 119E-mail: martin.culik@rsd.cz \u00dasek I\/35 Ohrazenice \u2013 Vald\u0161tejnsko\u00a0Ing. Janka [&hellip;]<\/p>\n","protected":false},"author":1,"featured_media":0,"parent":0,"menu_order":0,"comment_status":"closed","ping_status":"closed","template":"","meta":{"_acf_changed":false,"footnotes":""},"class_list":["post-237","page","type-page","status-publish","hentry"],"acf":[],"yoast_head":"<!-- This site is optimized with the Yoast SEO plugin v27.4 - https:\/\/yoast.com\/product\/yoast-seo-wordpress\/ -->\n<title>Kontakty - Silnice I\/35<\/title>\n<meta name=\"robots\" content=\"index, follow, max-snippet:-1, max-image-preview:large, max-video-preview:-1\" \/>\n<link rel=\"canonical\" href=\"https:\/\/kraje.rsd.cz\/s35\/kontakty\/\" \/>\n<meta property=\"og:locale\" content=\"cs_CZ\" \/>\n<meta property=\"og:type\" content=\"article\" \/>\n<meta property=\"og:title\" content=\"Kontakty - Silnice I\/35\" \/>\n<meta property=\"og:description\" content=\"Silnice I\/35 Turnov \u2013 \u00dalibice \u0158editelstv\u00ed silnic a d\u00e1lnic s. p. \u0158editel Spr\u00e1vy LiberecIng. Jan Wohlmuthtel.: 954 911 120 Vedouc\u00ed \u00faseku v\u00fdstavby Ing. Tom\u00e1\u0161 \u0160ulctel.: 954 911 129 \u010clen t\u00fdmu komunikace LiberecKamila Zah\u00e1lkov\u00e1E-mail: kamila.zahalkova@rsd.cz Spr\u00e1va LiberecZeyerova 1310460 55 Liberec \u00dasek I\/35 M\u00daK OhrazeniceIng. Martin \u010cul\u00edktel.: 954 911 119E-mail: martin.culik@rsd.cz \u00dasek I\/35 Ohrazenice \u2013 Vald\u0161tejnsko\u00a0Ing. Janka [&hellip;]\" \/>\n<meta property=\"og:url\" content=\"https:\/\/kraje.rsd.cz\/s35\/kontakty\/\" \/>\n<meta property=\"og:site_name\" content=\"Silnice I\/35\" \/>\n<meta property=\"article:modified_time\" content=\"2025-11-12T08:01:51+00:00\" \/>\n<meta name=\"twitter:card\" content=\"summary_large_image\" \/>\n<meta name=\"twitter:label1\" content=\"Odhadovan\u00e1 doba \u010dten\u00ed\" \/>\n\t<meta name=\"twitter:data1\" content=\"1 minuta\" \/>\n<script type=\"application\/ld+json\" class=\"yoast-schema-graph\">{\"@context\":\"https:\\\/\\\/schema.org\",\"@graph\":[{\"@type\":\"WebPage\",\"@id\":\"https:\\\/\\\/kraje.rsd.cz\\\/s35\\\/kontakty\\\/\",\"url\":\"https:\\\/\\\/kraje.rsd.cz\\\/s35\\\/kontakty\\\/\",\"name\":\"Kontakty - Silnice I\\\/35\",\"isPartOf\":{\"@id\":\"https:\\\/\\\/kraje.rsd.cz\\\/s35\\\/#website\"},\"datePublished\":\"2025-10-10T06:01:11+00:00\",\"dateModified\":\"2025-11-12T08:01:51+00:00\",\"breadcrumb\":{\"@id\":\"https:\\\/\\\/kraje.rsd.cz\\\/s35\\\/kontakty\\\/#breadcrumb\"},\"inLanguage\":\"cs\",\"potentialAction\":[{\"@type\":\"ReadAction\",\"target\":[\"https:\\\/\\\/kraje.rsd.cz\\\/s35\\\/kontakty\\\/\"]}]},{\"@type\":\"BreadcrumbList\",\"@id\":\"https:\\\/\\\/kraje.rsd.cz\\\/s35\\\/kontakty\\\/#breadcrumb\",\"itemListElement\":[{\"@type\":\"ListItem\",\"position\":1,\"name\":\"Dom\u016f\",\"item\":\"https:\\\/\\\/kraje.rsd.cz\\\/s35\\\/\"},{\"@type\":\"ListItem\",\"position\":2,\"name\":\"Kontakty\"}]},{\"@type\":\"WebSite\",\"@id\":\"https:\\\/\\\/kraje.rsd.cz\\\/s35\\\/#website\",\"url\":\"https:\\\/\\\/kraje.rsd.cz\\\/s35\\\/\",\"name\":\"Silnice I\\\/35\",\"description\":\"\",\"potentialAction\":[{\"@type\":\"SearchAction\",\"target\":{\"@type\":\"EntryPoint\",\"urlTemplate\":\"https:\\\/\\\/kraje.rsd.cz\\\/s35\\\/?s={search_term_string}\"},\"query-input\":{\"@type\":\"PropertyValueSpecification\",\"valueRequired\":true,\"valueName\":\"search_term_string\"}}],\"inLanguage\":\"cs\"}]}<\/script>\n<!-- \/ Yoast SEO plugin. -->","yoast_head_json":{"title":"Kontakty - Silnice I\/35","robots":{"index":"index","follow":"follow","max-snippet":"max-snippet:-1","max-image-preview":"max-image-preview:large","max-video-preview":"max-video-preview:-1"},"canonical":"https:\/\/kraje.rsd.cz\/s35\/kontakty\/","og_locale":"cs_CZ","og_type":"article","og_title":"Kontakty - Silnice I\/35","og_description":"Silnice I\/35 Turnov \u2013 \u00dalibice \u0158editelstv\u00ed silnic a d\u00e1lnic s. p. \u0158editel Spr\u00e1vy LiberecIng. Jan Wohlmuthtel.: 954 911 120 Vedouc\u00ed \u00faseku v\u00fdstavby Ing. Tom\u00e1\u0161 \u0160ulctel.: 954 911 129 \u010clen t\u00fdmu komunikace LiberecKamila Zah\u00e1lkov\u00e1E-mail: kamila.zahalkova@rsd.cz Spr\u00e1va LiberecZeyerova 1310460 55 Liberec \u00dasek I\/35 M\u00daK OhrazeniceIng. Martin \u010cul\u00edktel.: 954 911 119E-mail: martin.culik@rsd.cz \u00dasek I\/35 Ohrazenice \u2013 Vald\u0161tejnsko\u00a0Ing. Janka [&hellip;]","og_url":"https:\/\/kraje.rsd.cz\/s35\/kontakty\/","og_site_name":"Silnice I\/35","article_modified_time":"2025-11-12T08:01:51+00:00","twitter_card":"summary_large_image","twitter_misc":{"Odhadovan\u00e1 doba \u010dten\u00ed":"1 minuta"},"schema":{"@context":"https:\/\/schema.org","@graph":[{"@type":"WebPage","@id":"https:\/\/kraje.rsd.cz\/s35\/kontakty\/","url":"https:\/\/kraje.rsd.cz\/s35\/kontakty\/","name":"Kontakty - Silnice I\/35","isPartOf":{"@id":"https:\/\/kraje.rsd.cz\/s35\/#website"},"datePublished":"2025-10-10T06:01:11+00:00","dateModified":"2025-11-12T08:01:51+00:00","breadcrumb":{"@id":"https:\/\/kraje.rsd.cz\/s35\/kontakty\/#breadcrumb"},"inLanguage":"cs","potentialAction":[{"@type":"ReadAction","target":["https:\/\/kraje.rsd.cz\/s35\/kontakty\/"]}]},{"@type":"BreadcrumbList","@id":"https:\/\/kraje.rsd.cz\/s35\/kontakty\/#breadcrumb","itemListElement":[{"@type":"ListItem","position":1,"name":"Dom\u016f","item":"https:\/\/kraje.rsd.cz\/s35\/"},{"@type":"ListItem","position":2,"name":"Kontakty"}]},{"@type":"WebSite","@id":"https:\/\/kraje.rsd.cz\/s35\/#website","url":"https:\/\/kraje.rsd.cz\/s35\/","name":"Silnice I\/35","description":"","potentialAction":[{"@type":"SearchAction","target":{"@type":"EntryPoint","urlTemplate":"https:\/\/kraje.rsd.cz\/s35\/?s={search_term_string}"},"query-input":{"@type":"PropertyValueSpecification","valueRequired":true,"valueName":"search_term_string"}}],"inLanguage":"cs"}]}},"_links":{"self":[{"href":"https:\/\/kraje.rsd.cz\/s35\/wp-json\/wp\/v2\/pages\/237","targetHints":{"allow":["GET"]}}],"collection":[{"href":"https:\/\/kraje.rsd.cz\/s35\/wp-json\/wp\/v2\/pages"}],"about":[{"href":"https:\/\/kraje.rsd.cz\/s35\/wp-json\/wp\/v2\/types\/page"}],"author":[{"embeddable":true,"href":"https:\/\/kraje.rsd.cz\/s35\/wp-json\/wp\/v2\/users\/1"}],"replies":[{"embeddable":true,"href":"https:\/\/kraje.rsd.cz\/s35\/wp-json\/wp\/v2\/comments?post=237"}],"version-history":[{"count":0,"href":"https:\/\/kraje.rsd.cz\/s35\/wp-json\/wp\/v2\/pages\/237\/revisions"}],"wp:attachment":[{"href":"https:\/\/kraje.rsd.cz\/s35\/wp-json\/wp\/v2\/media?parent=237"}],"curies":[{"name":"wp","href":"https:\/\/api.w.org\/{rel}","templated":true}]}}