{"id":281,"date":"2025-10-14T09:07:07","date_gmt":"2025-10-14T07:07:07","guid":{"rendered":"https:\/\/kraje.rsd.cz\/silnice35\/?page_id=281"},"modified":"2025-11-13T15:51:25","modified_gmt":"2025-11-13T14:51:25","slug":"dokumenty","status":"publish","type":"page","link":"https:\/\/kraje.rsd.cz\/s35\/dokumenty\/","title":{"rendered":"Dokumenty ke sta\u017een\u00ed"},"content":{"rendered":"\t\t<div data-elementor-type=\"wp-page\" data-elementor-id=\"281\" class=\"elementor elementor-281\" data-elementor-post-type=\"page\">\n\t\t\t\t<div class=\"elementor-element elementor-element-37511172 e-flex e-con-boxed e-con e-parent\" data-id=\"37511172\" data-element_type=\"container\" data-e-type=\"container\" data-settings=\"{&quot;background_background&quot;:&quot;classic&quot;}\">\n\t\t\t\t\t<div class=\"e-con-inner\">\n\t\t\t\t<div class=\"elementor-element elementor-element-e19c9ec elementor-widget elementor-widget-heading\" data-id=\"e19c9ec\" data-element_type=\"widget\" data-e-type=\"widget\" data-widget_type=\"heading.default\">\n\t\t\t\t\t<h1 class=\"elementor-heading-title elementor-size-default\">Dokumenty ke sta\u017een\u00ed<\/h1>\t\t\t\t<\/div>\n\t\t\t\t<div class=\"elementor-element elementor-element-607642b elementor-widget elementor-widget-heading\" data-id=\"607642b\" data-element_type=\"widget\" data-e-type=\"widget\" data-widget_type=\"heading.default\">\n\t\t\t\t\t<h2 class=\"elementor-heading-title elementor-size-default\">Silnice I\/35 Turnov \u2013 \u00dalibice<\/h2>\t\t\t\t<\/div>\n\t\t\t\t<div class=\"elementor-element elementor-element-4624337 elementor-widget elementor-widget-heading\" data-id=\"4624337\" data-element_type=\"widget\" data-e-type=\"widget\" data-widget_type=\"heading.default\">\n\t\t\t\t\t<h2 class=\"elementor-heading-title elementor-size-default\">v Libereck\u00e9m a Kr\u00e1lov\u00e9hradeck\u00e9m kraji<\/h2>\t\t\t\t<\/div>\n\t\t\t\t\t<\/div>\n\t\t\t\t<\/div>\n\t\t<div class=\"elementor-element elementor-element-18252e73 e-flex e-con-boxed e-con e-parent\" data-id=\"18252e73\" data-element_type=\"container\" data-e-type=\"container\">\n\t\t\t\t\t<div class=\"e-con-inner\">\n\t\t\t\t<div class=\"elementor-element elementor-element-238c6ed elementor-align-justify elementor-widget elementor-widget-button\" data-id=\"238c6ed\" data-element_type=\"widget\" data-e-type=\"widget\" data-widget_type=\"button.default\">\n\t\t\t\t\t\t\t\t\t\t<a class=\"elementor-button elementor-button-link elementor-size-sm\" href=\"\/wp-content\/uploads\/sites\/17\/2025\/10\/A-PRUVODNI_ZPRAVA.pdf\" download=\"\">\n\t\t\t\t\t\t<span class=\"elementor-button-content-wrapper\">\n\t\t\t\t\t\t<span class=\"elementor-button-icon\">\n\t\t\t\t<svg aria-hidden=\"true\" class=\"e-font-icon-svg e-fas-file-download\" viewBox=\"0 0 384 512\" xmlns=\"http:\/\/www.w3.org\/2000\/svg\"><path d=\"M224 136V0H24C10.7 0 0 10.7 0 24v464c0 13.3 10.7 24 24 24h336c13.3 0 24-10.7 24-24V160H248c-13.2 0-24-10.8-24-24zm76.45 211.36l-96.42 95.7c-6.65 6.61-17.39 6.61-24.04 0l-96.42-95.7C73.42 337.29 80.54 320 94.82 320H160v-80c0-8.84 7.16-16 16-16h32c8.84 0 16 7.16 16 16v80h65.18c14.28 0 21.4 17.29 11.27 27.36zM377 105L279.1 7c-4.5-4.5-10.6-7-17-7H256v128h128v-6.1c0-6.3-2.5-12.4-7-16.9z\"><\/path><\/svg>\t\t\t<\/span>\n\t\t\t\t\t\t\t\t\t<span class=\"elementor-button-text\">Pr\u016fvodn\u00ed zpr\u00e1va  z technick\u00e9 studie<\/span>\n\t\t\t\t\t<\/span>\n\t\t\t\t\t<\/a>\n\t\t\t\t\t\t\t\t<\/div>\n\t\t\t\t<div class=\"elementor-element elementor-element-dbac65c elementor-align-justify elementor-widget elementor-widget-button\" data-id=\"dbac65c\" data-element_type=\"widget\" data-e-type=\"widget\" data-widget_type=\"button.default\">\n\t\t\t\t\t\t\t\t\t\t<a class=\"elementor-button elementor-button-link elementor-size-sm\" href=\"\/wp-content\/uploads\/sites\/17\/2025\/10\/MZP462_zaveryStan.pdf\" download=\"\">\n\t\t\t\t\t\t<span class=\"elementor-button-content-wrapper\">\n\t\t\t\t\t\t<span class=\"elementor-button-icon\">\n\t\t\t\t<svg aria-hidden=\"true\" class=\"e-font-icon-svg e-fas-file-download\" viewBox=\"0 0 384 512\" xmlns=\"http:\/\/www.w3.org\/2000\/svg\"><path d=\"M224 136V0H24C10.7 0 0 10.7 0 24v464c0 13.3 10.7 24 24 24h336c13.3 0 24-10.7 24-24V160H248c-13.2 0-24-10.8-24-24zm76.45 211.36l-96.42 95.7c-6.65 6.61-17.39 6.61-24.04 0l-96.42-95.7C73.42 337.29 80.54 320 94.82 320H160v-80c0-8.84 7.16-16 16-16h32c8.84 0 16 7.16 16 16v80h65.18c14.28 0 21.4 17.29 11.27 27.36zM377 105L279.1 7c-4.5-4.5-10.6-7-17-7H256v128h128v-6.1c0-6.3-2.5-12.4-7-16.9z\"><\/path><\/svg>\t\t\t<\/span>\n\t\t\t\t\t\t\t\t\t<span class=\"elementor-button-text\">Z\u00e1vazn\u00e9 stanovisko EIA \u2013 silnice I\/35 Turnov - \u00dalibice<\/span>\n\t\t\t\t\t<\/span>\n\t\t\t\t\t<\/a>\n\t\t\t\t\t\t\t\t<\/div>\n\t\t\t\t<div class=\"elementor-element elementor-element-f687131 elementor-align-justify elementor-widget elementor-widget-button\" data-id=\"f687131\" data-element_type=\"widget\" data-e-type=\"widget\" data-widget_type=\"button.default\">\n\t\t\t\t\t\t\t\t\t\t<a class=\"elementor-button elementor-button-link elementor-size-sm\" href=\"\/wp-content\/uploads\/sites\/17\/2025\/10\/LBK724_zaveryStan.pdf\" download=\"\">\n\t\t\t\t\t\t<span class=\"elementor-button-content-wrapper\">\n\t\t\t\t\t\t<span class=\"elementor-button-icon\">\n\t\t\t\t<svg aria-hidden=\"true\" class=\"e-font-icon-svg e-fas-file-download\" viewBox=\"0 0 384 512\" xmlns=\"http:\/\/www.w3.org\/2000\/svg\"><path d=\"M224 136V0H24C10.7 0 0 10.7 0 24v464c0 13.3 10.7 24 24 24h336c13.3 0 24-10.7 24-24V160H248c-13.2 0-24-10.8-24-24zm76.45 211.36l-96.42 95.7c-6.65 6.61-17.39 6.61-24.04 0l-96.42-95.7C73.42 337.29 80.54 320 94.82 320H160v-80c0-8.84 7.16-16 16-16h32c8.84 0 16 7.16 16 16v80h65.18c14.28 0 21.4 17.29 11.27 27.36zM377 105L279.1 7c-4.5-4.5-10.6-7-17-7H256v128h128v-6.1c0-6.3-2.5-12.4-7-16.9z\"><\/path><\/svg>\t\t\t<\/span>\n\t\t\t\t\t\t\t\t\t<span class=\"elementor-button-text\">Z\u00e1vazn\u00e9 stanovisko EIA \u2013 p\u0159ivad\u011b\u010d Zelen\u00fd H\u00e1j (II\/283)<\/span>\n\t\t\t\t\t<\/span>\n\t\t\t\t\t<\/a>\n\t\t\t\t\t\t\t\t<\/div>\n\t\t\t\t<div class=\"elementor-element elementor-element-68f680e elementor-align-justify elementor-widget elementor-widget-button\" data-id=\"68f680e\" data-element_type=\"widget\" data-e-type=\"widget\" data-widget_type=\"button.default\">\n\t\t\t\t\t\t\t\t\t\t<a class=\"elementor-button elementor-button-link elementor-size-sm\" href=\"https:\/\/www.kraj-lbc.cz\/urad\/odbory\/odbor-uzemniho-planovani-a-stavebniho-radu\/oddeleni\/oddeleni-uzemniho-planovani\/dokumenty-uzemniho-planovani\/zasady-uzemniho-rozvoje-libereckeho-kraje\/uplne-zneni-zasad-uzemniho-rozvoje-libereckeho-kraje-ve-zneni-aktualizace-c-1-ucinne-od-27-4-2021-do-3-1-2024\" target=\"_blank\">\n\t\t\t\t\t\t<span class=\"elementor-button-content-wrapper\">\n\t\t\t\t\t\t<span class=\"elementor-button-icon\">\n\t\t\t\t<svg aria-hidden=\"true\" class=\"e-font-icon-svg e-fas-arrow-alt-circle-right\" viewBox=\"0 0 512 512\" xmlns=\"http:\/\/www.w3.org\/2000\/svg\"><path d=\"M256 8c137 0 248 111 248 248S393 504 256 504 8 393 8 256 119 8 256 8zM140 300h116v70.9c0 10.7 13 16.1 20.5 8.5l114.3-114.9c4.7-4.7 4.7-12.2 0-16.9l-114.3-115c-7.6-7.6-20.5-2.2-20.5 8.5V212H140c-6.6 0-12 5.4-12 12v64c0 6.6 5.4 12 12 12z\"><\/path><\/svg>\t\t\t<\/span>\n\t\t\t\t\t\t\t\t\t<span class=\"elementor-button-text\">Z\u00e1sady \u00fazemn\u00edho rozvoje Libereck\u00e9ho kraje (Z\u00daR LK)<\/span>\n\t\t\t\t\t<\/span>\n\t\t\t\t\t<\/a>\n\t\t\t\t\t\t\t\t<\/div>\n\t\t\t\t<div class=\"elementor-element elementor-element-7737bbf elementor-align-justify elementor-widget elementor-widget-button\" data-id=\"7737bbf\" data-element_type=\"widget\" data-e-type=\"widget\" data-widget_type=\"button.default\">\n\t\t\t\t\t\t\t\t\t\t<a class=\"elementor-button elementor-button-link elementor-size-sm\" href=\"https:\/\/www.turnov.cz\/cs\/mesto\/uzemni-plany-a-rozvoj\/uzemni-plan-turnov\/\" target=\"_blank\">\n\t\t\t\t\t\t<span class=\"elementor-button-content-wrapper\">\n\t\t\t\t\t\t<span class=\"elementor-button-icon\">\n\t\t\t\t<svg aria-hidden=\"true\" class=\"e-font-icon-svg e-fas-arrow-alt-circle-right\" viewBox=\"0 0 512 512\" xmlns=\"http:\/\/www.w3.org\/2000\/svg\"><path d=\"M256 8c137 0 248 111 248 248S393 504 256 504 8 393 8 256 119 8 256 8zM140 300h116v70.9c0 10.7 13 16.1 20.5 8.5l114.3-114.9c4.7-4.7 4.7-12.2 0-16.9l-114.3-115c-7.6-7.6-20.5-2.2-20.5 8.5V212H140c-6.6 0-12 5.4-12 12v64c0 6.6 5.4 12 12 12z\"><\/path><\/svg>\t\t\t<\/span>\n\t\t\t\t\t\t\t\t\t<span class=\"elementor-button-text\">\u00dazemn\u00ed pl\u00e1n Turnova (platn\u00fd od r. 2014, v \u00fapln\u00e9m zn\u011bn\u00ed k r. 2024)<\/span>\n\t\t\t\t\t<\/span>\n\t\t\t\t\t<\/a>\n\t\t\t\t\t\t\t\t<\/div>\n\t\t\t\t<div class=\"elementor-element elementor-element-4892cce elementor-align-justify elementor-hidden-desktop elementor-hidden-tablet elementor-hidden-mobile elementor-widget elementor-widget-button\" data-id=\"4892cce\" data-element_type=\"widget\" data-e-type=\"widget\" data-widget_type=\"button.default\">\n\t\t\t\t\t\t\t\t\t\t<a class=\"elementor-button elementor-button-link elementor-size-sm\" href=\"\/wp-content\/uploads\/sites\/17\/2025\/10\/oznameni-I_35-TU.pdf\" download=\"\">\n\t\t\t\t\t\t<span class=\"elementor-button-content-wrapper\">\n\t\t\t\t\t\t<span class=\"elementor-button-icon\">\n\t\t\t\t<svg aria-hidden=\"true\" class=\"e-font-icon-svg e-fas-file-download\" viewBox=\"0 0 384 512\" xmlns=\"http:\/\/www.w3.org\/2000\/svg\"><path d=\"M224 136V0H24C10.7 0 0 10.7 0 24v464c0 13.3 10.7 24 24 24h336c13.3 0 24-10.7 24-24V160H248c-13.2 0-24-10.8-24-24zm76.45 211.36l-96.42 95.7c-6.65 6.61-17.39 6.61-24.04 0l-96.42-95.7C73.42 337.29 80.54 320 94.82 320H160v-80c0-8.84 7.16-16 16-16h32c8.84 0 16 7.16 16 16v80h65.18c14.28 0 21.4 17.29 11.27 27.36zM377 105L279.1 7c-4.5-4.5-10.6-7-17-7H256v128h128v-6.1c0-6.3-2.5-12.4-7-16.9z\"><\/path><\/svg>\t\t\t<\/span>\n\t\t\t\t\t\t\t\t\t<span class=\"elementor-button-text\">Ozn\u00e1men\u00ed podle \u00a7 6 z\u00e1kona \u010d. 100\/2001 Sb. o posuzov\u00e1n\u00ed vliv\u016f na \u017eivotn\u00ed prost\u0159ed\u00ed<\/span>\n\t\t\t\t\t<\/span>\n\t\t\t\t\t<\/a>\n\t\t\t\t\t\t\t\t<\/div>\n\t\t\t\t<div class=\"elementor-element elementor-element-a2537cf elementor-align-justify elementor-hidden-desktop elementor-hidden-tablet elementor-hidden-mobile elementor-widget elementor-widget-button\" data-id=\"a2537cf\" data-element_type=\"widget\" data-e-type=\"widget\" data-widget_type=\"button.default\">\n\t\t\t\t\t\t\t\t\t\t<a class=\"elementor-button elementor-button-link elementor-size-sm\" href=\"\/wp-content\/uploads\/sites\/17\/2025\/10\/Prelozka_II-283-DEIA-v7.pdf\" download=\"\">\n\t\t\t\t\t\t<span class=\"elementor-button-content-wrapper\">\n\t\t\t\t\t\t<span class=\"elementor-button-icon\">\n\t\t\t\t<svg aria-hidden=\"true\" class=\"e-font-icon-svg e-fas-file-download\" viewBox=\"0 0 384 512\" xmlns=\"http:\/\/www.w3.org\/2000\/svg\"><path d=\"M224 136V0H24C10.7 0 0 10.7 0 24v464c0 13.3 10.7 24 24 24h336c13.3 0 24-10.7 24-24V160H248c-13.2 0-24-10.8-24-24zm76.45 211.36l-96.42 95.7c-6.65 6.61-17.39 6.61-24.04 0l-96.42-95.7C73.42 337.29 80.54 320 94.82 320H160v-80c0-8.84 7.16-16 16-16h32c8.84 0 16 7.16 16 16v80h65.18c14.28 0 21.4 17.29 11.27 27.36zM377 105L279.1 7c-4.5-4.5-10.6-7-17-7H256v128h128v-6.1c0-6.3-2.5-12.4-7-16.9z\"><\/path><\/svg>\t\t\t<\/span>\n\t\t\t\t\t\t\t\t\t<span class=\"elementor-button-text\">I\/35 Turnov \u2013 \u00dalibice \u2013 p\u0159ivad\u011b\u010d Zelen\u00fd H\u00e1j - Dokumentace k posuzov\u00e1n\u00ed vliv\u016f na \u017eivotn\u00ed prost\u0159ed\u00ed<\/span>\n\t\t\t\t\t<\/span>\n\t\t\t\t\t<\/a>\n\t\t\t\t\t\t\t\t<\/div>\n\t\t\t\t<div class=\"elementor-element elementor-element-2dd7bf4 elementor-align-justify elementor-hidden-desktop elementor-hidden-tablet elementor-hidden-mobile elementor-widget elementor-widget-button\" data-id=\"2dd7bf4\" data-element_type=\"widget\" data-e-type=\"widget\" data-widget_type=\"button.default\">\n\t\t\t\t\t\t\t\t\t\t<a class=\"elementor-button elementor-button-link elementor-size-sm\" href=\"\/wp-content\/uploads\/sites\/17\/2025\/10\/LBK724_posudek-1.pdf\" download=\"\">\n\t\t\t\t\t\t<span class=\"elementor-button-content-wrapper\">\n\t\t\t\t\t\t<span class=\"elementor-button-icon\">\n\t\t\t\t<svg aria-hidden=\"true\" class=\"e-font-icon-svg e-fas-file-download\" viewBox=\"0 0 384 512\" xmlns=\"http:\/\/www.w3.org\/2000\/svg\"><path d=\"M224 136V0H24C10.7 0 0 10.7 0 24v464c0 13.3 10.7 24 24 24h336c13.3 0 24-10.7 24-24V160H248c-13.2 0-24-10.8-24-24zm76.45 211.36l-96.42 95.7c-6.65 6.61-17.39 6.61-24.04 0l-96.42-95.7C73.42 337.29 80.54 320 94.82 320H160v-80c0-8.84 7.16-16 16-16h32c8.84 0 16 7.16 16 16v80h65.18c14.28 0 21.4 17.29 11.27 27.36zM377 105L279.1 7c-4.5-4.5-10.6-7-17-7H256v128h128v-6.1c0-6.3-2.5-12.4-7-16.9z\"><\/path><\/svg>\t\t\t<\/span>\n\t\t\t\t\t\t\t\t\t<span class=\"elementor-button-text\">Posudek k posuzov\u00e1n\u00ed vliv\u016f na \u017eivotn\u00ed prost\u0159ed\u00ed - I\/35 Turnov \u2013 \u00dalibice \u2013 p\u0159ivad\u011b\u010d Zelen\u00fd H\u00e1j (II\/283)<\/span>\n\t\t\t\t\t<\/span>\n\t\t\t\t\t<\/a>\n\t\t\t\t\t\t\t\t<\/div>\n\t\t\t\t<div class=\"elementor-element elementor-element-b9c89c9 elementor-align-justify elementor-hidden-desktop elementor-hidden-tablet elementor-hidden-mobile elementor-widget elementor-widget-button\" data-id=\"b9c89c9\" data-element_type=\"widget\" data-e-type=\"widget\" data-widget_type=\"button.default\">\n\t\t\t\t\t\t\t\t\t\t<a class=\"elementor-button elementor-button-link elementor-size-sm\" href=\"\/wp-content\/uploads\/sites\/17\/2025\/10\/LBK724_inf1VP.pdf\" download=\"\">\n\t\t\t\t\t\t<span class=\"elementor-button-content-wrapper\">\n\t\t\t\t\t\t<span class=\"elementor-button-icon\">\n\t\t\t\t<svg aria-hidden=\"true\" class=\"e-font-icon-svg e-fas-file-download\" viewBox=\"0 0 384 512\" xmlns=\"http:\/\/www.w3.org\/2000\/svg\"><path d=\"M224 136V0H24C10.7 0 0 10.7 0 24v464c0 13.3 10.7 24 24 24h336c13.3 0 24-10.7 24-24V160H248c-13.2 0-24-10.8-24-24zm76.45 211.36l-96.42 95.7c-6.65 6.61-17.39 6.61-24.04 0l-96.42-95.7C73.42 337.29 80.54 320 94.82 320H160v-80c0-8.84 7.16-16 16-16h32c8.84 0 16 7.16 16 16v80h65.18c14.28 0 21.4 17.29 11.27 27.36zM377 105L279.1 7c-4.5-4.5-10.6-7-17-7H256v128h128v-6.1c0-6.3-2.5-12.4-7-16.9z\"><\/path><\/svg>\t\t\t<\/span>\n\t\t\t\t\t\t\t\t\t<span class=\"elementor-button-text\">Na\u0159\u00edzen\u00ed - Ve\u0159ejn\u00e9 projedn\u00e1n\u00ed z\u00e1m\u011bru \u201eI\/35 Turnov \u2013 \u00dalibice \u2013 p\u0159ivad\u011b\u010d Zelen\u00fd H\u00e1j<\/span>\n\t\t\t\t\t<\/span>\n\t\t\t\t\t<\/a>\n\t\t\t\t\t\t\t\t<\/div>\n\t\t\t\t<div class=\"elementor-element elementor-element-9f3f668 elementor-align-justify elementor-hidden-desktop elementor-hidden-tablet elementor-hidden-mobile elementor-widget elementor-widget-button\" data-id=\"9f3f668\" data-element_type=\"widget\" data-e-type=\"widget\" data-widget_type=\"button.default\">\n\t\t\t\t\t\t\t\t\t\t<a class=\"elementor-button elementor-button-link elementor-size-sm\" href=\"\/wp-content\/uploads\/sites\/17\/2025\/10\/LBK724_zapis1VP.pdf\" download=\"\">\n\t\t\t\t\t\t<span class=\"elementor-button-content-wrapper\">\n\t\t\t\t\t\t<span class=\"elementor-button-icon\">\n\t\t\t\t<svg aria-hidden=\"true\" class=\"e-font-icon-svg e-fas-file-download\" viewBox=\"0 0 384 512\" xmlns=\"http:\/\/www.w3.org\/2000\/svg\"><path d=\"M224 136V0H24C10.7 0 0 10.7 0 24v464c0 13.3 10.7 24 24 24h336c13.3 0 24-10.7 24-24V160H248c-13.2 0-24-10.8-24-24zm76.45 211.36l-96.42 95.7c-6.65 6.61-17.39 6.61-24.04 0l-96.42-95.7C73.42 337.29 80.54 320 94.82 320H160v-80c0-8.84 7.16-16 16-16h32c8.84 0 16 7.16 16 16v80h65.18c14.28 0 21.4 17.29 11.27 27.36zM377 105L279.1 7c-4.5-4.5-10.6-7-17-7H256v128h128v-6.1c0-6.3-2.5-12.4-7-16.9z\"><\/path><\/svg>\t\t\t<\/span>\n\t\t\t\t\t\t\t\t\t<span class=\"elementor-button-text\">Z\u00e1pis z ve\u0159ejn\u00e9ho projedn\u00e1n\u00ed dokumentace vliv\u016f z\u00e1m\u011bru \u201eI\/35 Turnov \u2013 \u00dalibice \u2013 p\u0159ivad\u011b\u010d Zelen\u00fd H\u00e1j (II\/283)\u201c<\/span>\n\t\t\t\t\t<\/span>\n\t\t\t\t\t<\/a>\n\t\t\t\t\t\t\t\t<\/div>\n\t\t\t\t\t<\/div>\n\t\t\t\t<\/div>\n\t\t\t\t<\/div>\n\t\t","protected":false},"excerpt":{"rendered":"<p>Silnice I\/35 Turnov \u2013 \u00dalibice v Libereck\u00e9m a Kr\u00e1lov\u00e9hradeck\u00e9m kraji Pr\u016fvodn\u00ed zpr\u00e1va z technick\u00e9 studie Z\u00e1vazn\u00e9 stanovisko EIA \u2013 silnice I\/35 Turnov &#8211; \u00dalibice Z\u00e1vazn\u00e9 stanovisko EIA \u2013 p\u0159ivad\u011b\u010d Zelen\u00fd H\u00e1j (II\/283) Z\u00e1sady \u00fazemn\u00edho rozvoje Libereck\u00e9ho kraje (Z\u00daR LK) \u00dazemn\u00ed pl\u00e1n Turnova (platn\u00fd od r. 2014, v \u00fapln\u00e9m zn\u011bn\u00ed k r. 2024) Ozn\u00e1men\u00ed podle \u00a7 [&hellip;]<\/p>\n","protected":false},"author":1,"featured_media":0,"parent":0,"menu_order":0,"comment_status":"closed","ping_status":"closed","template":"","meta":{"_acf_changed":false,"footnotes":""},"class_list":["post-281","page","type-page","status-publish","hentry"],"acf":[],"yoast_head":"<!-- This site is optimized with the Yoast SEO plugin v27.4 - https:\/\/yoast.com\/product\/yoast-seo-wordpress\/ -->\n<title>Dokumenty ke sta\u017een\u00ed - Silnice I\/35<\/title>\n<meta name=\"robots\" content=\"index, follow, max-snippet:-1, max-image-preview:large, max-video-preview:-1\" \/>\n<link rel=\"canonical\" href=\"https:\/\/kraje.rsd.cz\/s35\/dokumenty\/\" \/>\n<meta property=\"og:locale\" content=\"cs_CZ\" \/>\n<meta property=\"og:type\" content=\"article\" \/>\n<meta property=\"og:title\" content=\"Dokumenty ke sta\u017een\u00ed - Silnice I\/35\" \/>\n<meta property=\"og:description\" content=\"Silnice I\/35 Turnov \u2013 \u00dalibice v Libereck\u00e9m a Kr\u00e1lov\u00e9hradeck\u00e9m kraji Pr\u016fvodn\u00ed zpr\u00e1va z technick\u00e9 studie Z\u00e1vazn\u00e9 stanovisko EIA \u2013 silnice I\/35 Turnov &#8211; \u00dalibice Z\u00e1vazn\u00e9 stanovisko EIA \u2013 p\u0159ivad\u011b\u010d Zelen\u00fd H\u00e1j (II\/283) Z\u00e1sady \u00fazemn\u00edho rozvoje Libereck\u00e9ho kraje (Z\u00daR LK) \u00dazemn\u00ed pl\u00e1n Turnova (platn\u00fd od r. 2014, v \u00fapln\u00e9m zn\u011bn\u00ed k r. 2024) Ozn\u00e1men\u00ed podle \u00a7 [&hellip;]\" \/>\n<meta property=\"og:url\" content=\"https:\/\/kraje.rsd.cz\/s35\/dokumenty\/\" \/>\n<meta property=\"og:site_name\" content=\"Silnice I\/35\" \/>\n<meta property=\"article:modified_time\" content=\"2025-11-13T14:51:25+00:00\" \/>\n<meta name=\"twitter:card\" content=\"summary_large_image\" \/>\n<meta name=\"twitter:label1\" content=\"Odhadovan\u00e1 doba \u010dten\u00ed\" \/>\n\t<meta name=\"twitter:data1\" content=\"1 minuta\" \/>\n<script type=\"application\/ld+json\" class=\"yoast-schema-graph\">{\"@context\":\"https:\\\/\\\/schema.org\",\"@graph\":[{\"@type\":\"WebPage\",\"@id\":\"https:\\\/\\\/kraje.rsd.cz\\\/s35\\\/dokumenty\\\/\",\"url\":\"https:\\\/\\\/kraje.rsd.cz\\\/s35\\\/dokumenty\\\/\",\"name\":\"Dokumenty ke sta\u017een\u00ed - Silnice I\\\/35\",\"isPartOf\":{\"@id\":\"https:\\\/\\\/kraje.rsd.cz\\\/s35\\\/#website\"},\"datePublished\":\"2025-10-14T07:07:07+00:00\",\"dateModified\":\"2025-11-13T14:51:25+00:00\",\"breadcrumb\":{\"@id\":\"https:\\\/\\\/kraje.rsd.cz\\\/s35\\\/dokumenty\\\/#breadcrumb\"},\"inLanguage\":\"cs\",\"potentialAction\":[{\"@type\":\"ReadAction\",\"target\":[\"https:\\\/\\\/kraje.rsd.cz\\\/s35\\\/dokumenty\\\/\"]}]},{\"@type\":\"BreadcrumbList\",\"@id\":\"https:\\\/\\\/kraje.rsd.cz\\\/s35\\\/dokumenty\\\/#breadcrumb\",\"itemListElement\":[{\"@type\":\"ListItem\",\"position\":1,\"name\":\"Dom\u016f\",\"item\":\"https:\\\/\\\/kraje.rsd.cz\\\/s35\\\/\"},{\"@type\":\"ListItem\",\"position\":2,\"name\":\"Dokumenty ke sta\u017een\u00ed\"}]},{\"@type\":\"WebSite\",\"@id\":\"https:\\\/\\\/kraje.rsd.cz\\\/s35\\\/#website\",\"url\":\"https:\\\/\\\/kraje.rsd.cz\\\/s35\\\/\",\"name\":\"Silnice I\\\/35\",\"description\":\"\",\"potentialAction\":[{\"@type\":\"SearchAction\",\"target\":{\"@type\":\"EntryPoint\",\"urlTemplate\":\"https:\\\/\\\/kraje.rsd.cz\\\/s35\\\/?s={search_term_string}\"},\"query-input\":{\"@type\":\"PropertyValueSpecification\",\"valueRequired\":true,\"valueName\":\"search_term_string\"}}],\"inLanguage\":\"cs\"}]}<\/script>\n<!-- \/ Yoast SEO plugin. -->","yoast_head_json":{"title":"Dokumenty ke sta\u017een\u00ed - Silnice I\/35","robots":{"index":"index","follow":"follow","max-snippet":"max-snippet:-1","max-image-preview":"max-image-preview:large","max-video-preview":"max-video-preview:-1"},"canonical":"https:\/\/kraje.rsd.cz\/s35\/dokumenty\/","og_locale":"cs_CZ","og_type":"article","og_title":"Dokumenty ke sta\u017een\u00ed - Silnice I\/35","og_description":"Silnice I\/35 Turnov \u2013 \u00dalibice v Libereck\u00e9m a Kr\u00e1lov\u00e9hradeck\u00e9m kraji Pr\u016fvodn\u00ed zpr\u00e1va z technick\u00e9 studie Z\u00e1vazn\u00e9 stanovisko EIA \u2013 silnice I\/35 Turnov &#8211; \u00dalibice Z\u00e1vazn\u00e9 stanovisko EIA \u2013 p\u0159ivad\u011b\u010d Zelen\u00fd H\u00e1j (II\/283) Z\u00e1sady \u00fazemn\u00edho rozvoje Libereck\u00e9ho kraje (Z\u00daR LK) \u00dazemn\u00ed pl\u00e1n Turnova (platn\u00fd od r. 2014, v \u00fapln\u00e9m zn\u011bn\u00ed k r. 2024) Ozn\u00e1men\u00ed podle \u00a7 [&hellip;]","og_url":"https:\/\/kraje.rsd.cz\/s35\/dokumenty\/","og_site_name":"Silnice I\/35","article_modified_time":"2025-11-13T14:51:25+00:00","twitter_card":"summary_large_image","twitter_misc":{"Odhadovan\u00e1 doba \u010dten\u00ed":"1 minuta"},"schema":{"@context":"https:\/\/schema.org","@graph":[{"@type":"WebPage","@id":"https:\/\/kraje.rsd.cz\/s35\/dokumenty\/","url":"https:\/\/kraje.rsd.cz\/s35\/dokumenty\/","name":"Dokumenty ke sta\u017een\u00ed - Silnice I\/35","isPartOf":{"@id":"https:\/\/kraje.rsd.cz\/s35\/#website"},"datePublished":"2025-10-14T07:07:07+00:00","dateModified":"2025-11-13T14:51:25+00:00","breadcrumb":{"@id":"https:\/\/kraje.rsd.cz\/s35\/dokumenty\/#breadcrumb"},"inLanguage":"cs","potentialAction":[{"@type":"ReadAction","target":["https:\/\/kraje.rsd.cz\/s35\/dokumenty\/"]}]},{"@type":"BreadcrumbList","@id":"https:\/\/kraje.rsd.cz\/s35\/dokumenty\/#breadcrumb","itemListElement":[{"@type":"ListItem","position":1,"name":"Dom\u016f","item":"https:\/\/kraje.rsd.cz\/s35\/"},{"@type":"ListItem","position":2,"name":"Dokumenty ke sta\u017een\u00ed"}]},{"@type":"WebSite","@id":"https:\/\/kraje.rsd.cz\/s35\/#website","url":"https:\/\/kraje.rsd.cz\/s35\/","name":"Silnice I\/35","description":"","potentialAction":[{"@type":"SearchAction","target":{"@type":"EntryPoint","urlTemplate":"https:\/\/kraje.rsd.cz\/s35\/?s={search_term_string}"},"query-input":{"@type":"PropertyValueSpecification","valueRequired":true,"valueName":"search_term_string"}}],"inLanguage":"cs"}]}},"_links":{"self":[{"href":"https:\/\/kraje.rsd.cz\/s35\/wp-json\/wp\/v2\/pages\/281","targetHints":{"allow":["GET"]}}],"collection":[{"href":"https:\/\/kraje.rsd.cz\/s35\/wp-json\/wp\/v2\/pages"}],"about":[{"href":"https:\/\/kraje.rsd.cz\/s35\/wp-json\/wp\/v2\/types\/page"}],"author":[{"embeddable":true,"href":"https:\/\/kraje.rsd.cz\/s35\/wp-json\/wp\/v2\/users\/1"}],"replies":[{"embeddable":true,"href":"https:\/\/kraje.rsd.cz\/s35\/wp-json\/wp\/v2\/comments?post=281"}],"version-history":[{"count":0,"href":"https:\/\/kraje.rsd.cz\/s35\/wp-json\/wp\/v2\/pages\/281\/revisions"}],"wp:attachment":[{"href":"https:\/\/kraje.rsd.cz\/s35\/wp-json\/wp\/v2\/media?parent=281"}],"curies":[{"name":"wp","href":"https:\/\/api.w.org\/{rel}","templated":true}]}}