{"id":7092,"date":"2025-10-06T14:21:35","date_gmt":"2025-10-06T12:21:35","guid":{"rendered":"https:\/\/kraje.rsd.cz\/stredocesky\/?page_id=7092"},"modified":"2025-10-07T09:21:34","modified_gmt":"2025-10-07T07:21:34","slug":"kontakty","status":"publish","type":"page","link":"https:\/\/kraje.rsd.cz\/stredocesky\/kontakty\/","title":{"rendered":"Kontakty"},"content":{"rendered":"\t\t<div data-elementor-type=\"wp-page\" data-elementor-id=\"7092\" class=\"elementor elementor-7092\" data-elementor-post-type=\"page\">\n\t\t\t\t<div class=\"elementor-element elementor-element-2ac000d5 e-flex e-con-boxed e-con e-parent\" data-id=\"2ac000d5\" data-element_type=\"container\" data-e-type=\"container\" data-settings=\"{&quot;background_background&quot;:&quot;classic&quot;}\">\n\t\t\t\t\t<div class=\"e-con-inner\">\n\t\t<div class=\"elementor-element elementor-element-7aac3627 e-con-full e-flex e-con e-child\" data-id=\"7aac3627\" data-element_type=\"container\" data-e-type=\"container\">\n\t\t\t\t<div class=\"elementor-element elementor-element-789c862c elementor-widget elementor-widget-theme-post-title elementor-page-title elementor-widget-heading\" data-id=\"789c862c\" data-element_type=\"widget\" data-e-type=\"widget\" data-widget_type=\"theme-post-title.default\">\n\t\t\t\t\t<h1 class=\"elementor-heading-title elementor-size-default\">Kontakty<\/h1>\t\t\t\t<\/div>\n\t\t\t\t<div class=\"elementor-element elementor-element-795f3766 elementor-widget elementor-widget-heading\" data-id=\"795f3766\" data-element_type=\"widget\" data-e-type=\"widget\" data-widget_type=\"heading.default\">\n\t\t\t\t\t<h2 class=\"elementor-heading-title elementor-size-default\"> pro St\u0159edo\u010desk\u00fd kraj<\/h2>\t\t\t\t<\/div>\n\t\t\t\t<\/div>\n\t\t\t\t\t<\/div>\n\t\t\t\t<\/div>\n\t\t<div class=\"elementor-element elementor-element-598f94ab e-flex e-con-boxed e-con e-parent\" data-id=\"598f94ab\" data-element_type=\"container\" data-e-type=\"container\" data-settings=\"{&quot;background_background&quot;:&quot;classic&quot;}\">\n\t\t\t\t\t<div class=\"e-con-inner\">\n\t\t\t\t<div class=\"elementor-element elementor-element-373ca1a elementor-widget elementor-widget-text-editor\" data-id=\"373ca1a\" data-element_type=\"widget\" data-e-type=\"widget\" data-widget_type=\"text-editor.default\">\n\t\t\t\t\t\t\t\t\t<p><strong>\u0158editel Z\u00e1vodu Praha<br \/><\/strong>Ing., Ph.D. Tom\u00e1\u0161 Gross<br \/>tel.: 954 902 175<br \/>Adresa:\u00a0Na Pankr\u00e1ci 56, 140 00 Praha 4<\/p><p><strong>\u0158editel Spr\u00e1vy Praha<\/strong><br \/>Ing. Pavel Kocanda LL.M.<br \/>tel.: 954 901 714<br \/>Adresa: Vysko\u010dilova 1566, 140 00 Praha 4<\/p><p><strong>Vedouc\u00ed provozn\u00edho \u00faseku<br \/><\/strong>Ing. Ad\u00e9la Vokounov\u00e1<br \/>tel.:\u00a0954 901 724<br \/>E-mail:\u00a0<a href=\"mailto:adela.vokounova@rsd.cz\">adela.vokounova@rsd.cz<\/a><br \/>Adresa: Brankovick\u00e1 337, 280 02 Kol\u00edn<\/p><p><strong>\u010clen t\u00fdmu komunikace<br \/><\/strong>Bc. Ji\u0159\u00ed Vesel\u00fd<br \/>E-mail: jiri.vesely@rsd.cz<\/p><p><b>Provozovatel webu je<br \/><\/b><b>\u0158editelstv\u00ed silnic a d\u00e1lnic s. p.<\/b><\/p><p>Doru\u010dovac\u00ed adresa: \u010cer\u010dansk\u00e1 2023\/12, Kr\u010d, 140 00 Praha 4<br \/>S\u00eddlo organizace: \u010cer\u010dansk\u00e1 2023\/12, Kr\u010d, 140 00 Praha 4<br \/>Datov\u00e1 schr\u00e1nka:\u00a0zjq4rhz<br \/>www.rsd.cz<\/p>\t\t\t\t\t\t\t\t<\/div>\n\t\t\t\t\t<\/div>\n\t\t\t\t<\/div>\n\t\t\t\t<\/div>\n\t\t","protected":false},"excerpt":{"rendered":"<p>pro St\u0159edo\u010desk\u00fd kraj \u0158editel Z\u00e1vodu PrahaIng., Ph.D. Tom\u00e1\u0161 Grosstel.: 954 902 175Adresa:\u00a0Na Pankr\u00e1ci 56, 140 00 Praha 4 \u0158editel Spr\u00e1vy PrahaIng. Pavel Kocanda LL.M.tel.: 954 901 714Adresa: Vysko\u010dilova 1566, 140 00 Praha 4 Vedouc\u00ed provozn\u00edho \u00fasekuIng. Ad\u00e9la Vokounov\u00e1tel.:\u00a0954 901 724E-mail:\u00a0adela.vokounova@rsd.czAdresa: Brankovick\u00e1 337, 280 02 Kol\u00edn \u010clen t\u00fdmu komunikaceBc. Ji\u0159\u00ed Vesel\u00fdE-mail: jiri.vesely@rsd.cz Provozovatel webu je\u0158editelstv\u00ed silnic [&hellip;]<\/p>\n","protected":false},"author":1,"featured_media":0,"parent":0,"menu_order":0,"comment_status":"closed","ping_status":"closed","template":"","meta":{"_acf_changed":false,"footnotes":""},"class_list":["post-7092","page","type-page","status-publish","hentry"],"acf":[],"yoast_head":"<!-- This site is optimized with the Yoast SEO plugin v27.3 - https:\/\/yoast.com\/product\/yoast-seo-wordpress\/ -->\n<title>Kontakty - \u0158editelstv\u00ed silnic a d\u00e1lnic s. p. pro St\u0159edo\u010desk\u00fd kraj<\/title>\n<meta name=\"robots\" content=\"index, follow, max-snippet:-1, max-image-preview:large, max-video-preview:-1\" \/>\n<link rel=\"canonical\" href=\"https:\/\/kraje.rsd.cz\/stredocesky\/kontakty\/\" \/>\n<meta property=\"og:locale\" content=\"cs_CZ\" \/>\n<meta property=\"og:type\" content=\"article\" \/>\n<meta property=\"og:title\" content=\"Kontakty - \u0158editelstv\u00ed silnic a d\u00e1lnic s. p. pro St\u0159edo\u010desk\u00fd kraj\" \/>\n<meta property=\"og:description\" content=\"pro St\u0159edo\u010desk\u00fd kraj \u0158editel Z\u00e1vodu PrahaIng., Ph.D. Tom\u00e1\u0161 Grosstel.: 954 902 175Adresa:\u00a0Na Pankr\u00e1ci 56, 140 00 Praha 4 \u0158editel Spr\u00e1vy PrahaIng. Pavel Kocanda LL.M.tel.: 954 901 714Adresa: Vysko\u010dilova 1566, 140 00 Praha 4 Vedouc\u00ed provozn\u00edho \u00fasekuIng. Ad\u00e9la Vokounov\u00e1tel.:\u00a0954 901 724E-mail:\u00a0adela.vokounova@rsd.czAdresa: Brankovick\u00e1 337, 280 02 Kol\u00edn \u010clen t\u00fdmu komunikaceBc. Ji\u0159\u00ed Vesel\u00fdE-mail: jiri.vesely@rsd.cz Provozovatel webu je\u0158editelstv\u00ed silnic [&hellip;]\" \/>\n<meta property=\"og:url\" content=\"https:\/\/kraje.rsd.cz\/stredocesky\/kontakty\/\" \/>\n<meta property=\"og:site_name\" content=\"\u0158editelstv\u00ed silnic a d\u00e1lnic s. p. pro St\u0159edo\u010desk\u00fd kraj\" \/>\n<meta property=\"article:modified_time\" content=\"2025-10-07T07:21:34+00:00\" \/>\n<meta name=\"twitter:card\" content=\"summary_large_image\" \/>\n<meta name=\"twitter:label1\" content=\"Odhadovan\u00e1 doba \u010dten\u00ed\" \/>\n\t<meta name=\"twitter:data1\" content=\"1 minuta\" \/>\n<script type=\"application\/ld+json\" class=\"yoast-schema-graph\">{\"@context\":\"https:\\\/\\\/schema.org\",\"@graph\":[{\"@type\":\"WebPage\",\"@id\":\"https:\\\/\\\/kraje.rsd.cz\\\/stredocesky\\\/kontakty\\\/\",\"url\":\"https:\\\/\\\/kraje.rsd.cz\\\/stredocesky\\\/kontakty\\\/\",\"name\":\"Kontakty - \u0158editelstv\u00ed silnic a d\u00e1lnic s. p. pro St\u0159edo\u010desk\u00fd kraj\",\"isPartOf\":{\"@id\":\"https:\\\/\\\/kraje.rsd.cz\\\/stredocesky\\\/#website\"},\"datePublished\":\"2025-10-06T12:21:35+00:00\",\"dateModified\":\"2025-10-07T07:21:34+00:00\",\"breadcrumb\":{\"@id\":\"https:\\\/\\\/kraje.rsd.cz\\\/stredocesky\\\/kontakty\\\/#breadcrumb\"},\"inLanguage\":\"cs\",\"potentialAction\":[{\"@type\":\"ReadAction\",\"target\":[\"https:\\\/\\\/kraje.rsd.cz\\\/stredocesky\\\/kontakty\\\/\"]}]},{\"@type\":\"BreadcrumbList\",\"@id\":\"https:\\\/\\\/kraje.rsd.cz\\\/stredocesky\\\/kontakty\\\/#breadcrumb\",\"itemListElement\":[{\"@type\":\"ListItem\",\"position\":1,\"name\":\"Dom\u016f\",\"item\":\"https:\\\/\\\/kraje.rsd.cz\\\/stredocesky\\\/\"},{\"@type\":\"ListItem\",\"position\":2,\"name\":\"Kontakty\"}]},{\"@type\":\"WebSite\",\"@id\":\"https:\\\/\\\/kraje.rsd.cz\\\/stredocesky\\\/#website\",\"url\":\"https:\\\/\\\/kraje.rsd.cz\\\/stredocesky\\\/\",\"name\":\"\u0158editelstv\u00ed silnic a d\u00e1lnic s. p. pro St\u0159edo\u010desk\u00fd kraj\",\"description\":\"\",\"potentialAction\":[{\"@type\":\"SearchAction\",\"target\":{\"@type\":\"EntryPoint\",\"urlTemplate\":\"https:\\\/\\\/kraje.rsd.cz\\\/stredocesky\\\/?s={search_term_string}\"},\"query-input\":{\"@type\":\"PropertyValueSpecification\",\"valueRequired\":true,\"valueName\":\"search_term_string\"}}],\"inLanguage\":\"cs\"}]}<\/script>\n<!-- \/ Yoast SEO plugin. -->","yoast_head_json":{"title":"Kontakty - \u0158editelstv\u00ed silnic a d\u00e1lnic s. p. pro St\u0159edo\u010desk\u00fd kraj","robots":{"index":"index","follow":"follow","max-snippet":"max-snippet:-1","max-image-preview":"max-image-preview:large","max-video-preview":"max-video-preview:-1"},"canonical":"https:\/\/kraje.rsd.cz\/stredocesky\/kontakty\/","og_locale":"cs_CZ","og_type":"article","og_title":"Kontakty - \u0158editelstv\u00ed silnic a d\u00e1lnic s. p. pro St\u0159edo\u010desk\u00fd kraj","og_description":"pro St\u0159edo\u010desk\u00fd kraj \u0158editel Z\u00e1vodu PrahaIng., Ph.D. Tom\u00e1\u0161 Grosstel.: 954 902 175Adresa:\u00a0Na Pankr\u00e1ci 56, 140 00 Praha 4 \u0158editel Spr\u00e1vy PrahaIng. Pavel Kocanda LL.M.tel.: 954 901 714Adresa: Vysko\u010dilova 1566, 140 00 Praha 4 Vedouc\u00ed provozn\u00edho \u00fasekuIng. Ad\u00e9la Vokounov\u00e1tel.:\u00a0954 901 724E-mail:\u00a0adela.vokounova@rsd.czAdresa: Brankovick\u00e1 337, 280 02 Kol\u00edn \u010clen t\u00fdmu komunikaceBc. Ji\u0159\u00ed Vesel\u00fdE-mail: jiri.vesely@rsd.cz Provozovatel webu je\u0158editelstv\u00ed silnic [&hellip;]","og_url":"https:\/\/kraje.rsd.cz\/stredocesky\/kontakty\/","og_site_name":"\u0158editelstv\u00ed silnic a d\u00e1lnic s. p. pro St\u0159edo\u010desk\u00fd kraj","article_modified_time":"2025-10-07T07:21:34+00:00","twitter_card":"summary_large_image","twitter_misc":{"Odhadovan\u00e1 doba \u010dten\u00ed":"1 minuta"},"schema":{"@context":"https:\/\/schema.org","@graph":[{"@type":"WebPage","@id":"https:\/\/kraje.rsd.cz\/stredocesky\/kontakty\/","url":"https:\/\/kraje.rsd.cz\/stredocesky\/kontakty\/","name":"Kontakty - \u0158editelstv\u00ed silnic a d\u00e1lnic s. p. pro St\u0159edo\u010desk\u00fd kraj","isPartOf":{"@id":"https:\/\/kraje.rsd.cz\/stredocesky\/#website"},"datePublished":"2025-10-06T12:21:35+00:00","dateModified":"2025-10-07T07:21:34+00:00","breadcrumb":{"@id":"https:\/\/kraje.rsd.cz\/stredocesky\/kontakty\/#breadcrumb"},"inLanguage":"cs","potentialAction":[{"@type":"ReadAction","target":["https:\/\/kraje.rsd.cz\/stredocesky\/kontakty\/"]}]},{"@type":"BreadcrumbList","@id":"https:\/\/kraje.rsd.cz\/stredocesky\/kontakty\/#breadcrumb","itemListElement":[{"@type":"ListItem","position":1,"name":"Dom\u016f","item":"https:\/\/kraje.rsd.cz\/stredocesky\/"},{"@type":"ListItem","position":2,"name":"Kontakty"}]},{"@type":"WebSite","@id":"https:\/\/kraje.rsd.cz\/stredocesky\/#website","url":"https:\/\/kraje.rsd.cz\/stredocesky\/","name":"\u0158editelstv\u00ed silnic a d\u00e1lnic s. p. pro St\u0159edo\u010desk\u00fd kraj","description":"","potentialAction":[{"@type":"SearchAction","target":{"@type":"EntryPoint","urlTemplate":"https:\/\/kraje.rsd.cz\/stredocesky\/?s={search_term_string}"},"query-input":{"@type":"PropertyValueSpecification","valueRequired":true,"valueName":"search_term_string"}}],"inLanguage":"cs"}]}},"_links":{"self":[{"href":"https:\/\/kraje.rsd.cz\/stredocesky\/wp-json\/wp\/v2\/pages\/7092","targetHints":{"allow":["GET"]}}],"collection":[{"href":"https:\/\/kraje.rsd.cz\/stredocesky\/wp-json\/wp\/v2\/pages"}],"about":[{"href":"https:\/\/kraje.rsd.cz\/stredocesky\/wp-json\/wp\/v2\/types\/page"}],"author":[{"embeddable":true,"href":"https:\/\/kraje.rsd.cz\/stredocesky\/wp-json\/wp\/v2\/users\/1"}],"replies":[{"embeddable":true,"href":"https:\/\/kraje.rsd.cz\/stredocesky\/wp-json\/wp\/v2\/comments?post=7092"}],"version-history":[{"count":0,"href":"https:\/\/kraje.rsd.cz\/stredocesky\/wp-json\/wp\/v2\/pages\/7092\/revisions"}],"wp:attachment":[{"href":"https:\/\/kraje.rsd.cz\/stredocesky\/wp-json\/wp\/v2\/media?parent=7092"}],"curies":[{"name":"wp","href":"https:\/\/api.w.org\/{rel}","templated":true}]}}