{"id":3844,"date":"2025-10-07T11:27:22","date_gmt":"2025-10-07T09:27:22","guid":{"rendered":"https:\/\/kraje.rsd.cz\/vysocina\/?page_id=3844"},"modified":"2025-10-07T11:38:20","modified_gmt":"2025-10-07T09:38:20","slug":"fotogalerie","status":"publish","type":"page","link":"https:\/\/kraje.rsd.cz\/vysocina\/fotogalerie\/","title":{"rendered":"Fotogalerie"},"content":{"rendered":"\t\t<div data-elementor-type=\"wp-page\" data-elementor-id=\"3844\" class=\"elementor elementor-3844\" data-elementor-post-type=\"page\">\n\t\t\t\t<div class=\"elementor-element elementor-element-7dca9783 e-flex e-con-boxed e-con e-parent\" data-id=\"7dca9783\" data-element_type=\"container\" data-e-type=\"container\" data-settings=\"{&quot;background_background&quot;:&quot;classic&quot;}\">\n\t\t\t\t\t<div class=\"e-con-inner\">\n\t\t<div class=\"elementor-element elementor-element-636ca440 e-con-full e-flex e-con e-child\" data-id=\"636ca440\" data-element_type=\"container\" data-e-type=\"container\">\n\t\t\t\t<div class=\"elementor-element elementor-element-447a5701 elementor-widget elementor-widget-theme-post-title elementor-page-title elementor-widget-heading\" data-id=\"447a5701\" data-element_type=\"widget\" data-e-type=\"widget\" data-widget_type=\"theme-post-title.default\">\n\t\t\t\t\t<h1 class=\"elementor-heading-title elementor-size-default\">Fotogalerie<\/h1>\t\t\t\t<\/div>\n\t\t\t\t<\/div>\n\t\t\t\t\t<\/div>\n\t\t\t\t<\/div>\n\t\t<div class=\"elementor-element elementor-element-731d4ead e-flex e-con-boxed e-con e-parent\" data-id=\"731d4ead\" data-element_type=\"container\" data-e-type=\"container\" data-settings=\"{&quot;background_background&quot;:&quot;classic&quot;}\">\n\t\t\t\t\t<div class=\"e-con-inner\">\n\t\t\t\t<div class=\"elementor-element elementor-element-41fb5b72 elementor-widget elementor-widget-html\" data-id=\"41fb5b72\" data-element_type=\"widget\" data-e-type=\"widget\" data-widget_type=\"html.default\">\n\t\t\t\t\t<div id=\"iframewrap-wrap\">\r\n<div id=\"iframewrap\"><iframe id=\"inneriframe\" src=\"https:\/\/fotobanka-rsd.roadmedia.cz\/\"><\/iframe>\r\n<\/div>\r\n<\/div>\t\t\t\t<\/div>\n\t\t\t\t\t<\/div>\n\t\t\t\t<\/div>\n\t\t\t\t<\/div>\n\t\t","protected":false},"excerpt":{"rendered":"","protected":false},"author":1,"featured_media":0,"parent":0,"menu_order":0,"comment_status":"closed","ping_status":"closed","template":"","meta":{"_acf_changed":false,"footnotes":""},"class_list":["post-3844","page","type-page","status-publish","hentry"],"acf":[],"yoast_head":"<!-- This site is optimized with the Yoast SEO plugin v27.4 - https:\/\/yoast.com\/product\/yoast-seo-wordpress\/ -->\n<title>Fotogalerie - \u0158editelstv\u00ed silnic a d\u00e1lnic s. p. pro kraj Vyso\u010dina<\/title>\n<meta name=\"robots\" content=\"index, follow, max-snippet:-1, max-image-preview:large, max-video-preview:-1\" \/>\n<link rel=\"canonical\" href=\"https:\/\/kraje.rsd.cz\/vysocina\/fotogalerie\/\" \/>\n<meta property=\"og:locale\" content=\"cs_CZ\" \/>\n<meta property=\"og:type\" content=\"article\" \/>\n<meta property=\"og:title\" content=\"Fotogalerie - \u0158editelstv\u00ed silnic a d\u00e1lnic s. p. pro kraj Vyso\u010dina\" \/>\n<meta property=\"og:url\" content=\"https:\/\/kraje.rsd.cz\/vysocina\/fotogalerie\/\" \/>\n<meta property=\"og:site_name\" content=\"\u0158editelstv\u00ed silnic a d\u00e1lnic s. p. pro kraj Vyso\u010dina\" \/>\n<meta property=\"article:modified_time\" content=\"2025-10-07T09:38:20+00:00\" \/>\n<meta name=\"twitter:card\" content=\"summary_large_image\" \/>\n<meta name=\"twitter:label1\" content=\"Odhadovan\u00e1 doba \u010dten\u00ed\" \/>\n\t<meta name=\"twitter:data1\" content=\"1 minuta\" \/>\n<script type=\"application\/ld+json\" class=\"yoast-schema-graph\">{\"@context\":\"https:\\\/\\\/schema.org\",\"@graph\":[{\"@type\":\"WebPage\",\"@id\":\"https:\\\/\\\/kraje.rsd.cz\\\/vysocina\\\/fotogalerie\\\/\",\"url\":\"https:\\\/\\\/kraje.rsd.cz\\\/vysocina\\\/fotogalerie\\\/\",\"name\":\"Fotogalerie - \u0158editelstv\u00ed silnic a d\u00e1lnic s. p. pro kraj Vyso\u010dina\",\"isPartOf\":{\"@id\":\"https:\\\/\\\/kraje.rsd.cz\\\/vysocina\\\/#website\"},\"datePublished\":\"2025-10-07T09:27:22+00:00\",\"dateModified\":\"2025-10-07T09:38:20+00:00\",\"breadcrumb\":{\"@id\":\"https:\\\/\\\/kraje.rsd.cz\\\/vysocina\\\/fotogalerie\\\/#breadcrumb\"},\"inLanguage\":\"cs\",\"potentialAction\":[{\"@type\":\"ReadAction\",\"target\":[\"https:\\\/\\\/kraje.rsd.cz\\\/vysocina\\\/fotogalerie\\\/\"]}]},{\"@type\":\"BreadcrumbList\",\"@id\":\"https:\\\/\\\/kraje.rsd.cz\\\/vysocina\\\/fotogalerie\\\/#breadcrumb\",\"itemListElement\":[{\"@type\":\"ListItem\",\"position\":1,\"name\":\"Dom\u016f\",\"item\":\"https:\\\/\\\/kraje.rsd.cz\\\/vysocina\\\/\"},{\"@type\":\"ListItem\",\"position\":2,\"name\":\"Fotogalerie\"}]},{\"@type\":\"WebSite\",\"@id\":\"https:\\\/\\\/kraje.rsd.cz\\\/vysocina\\\/#website\",\"url\":\"https:\\\/\\\/kraje.rsd.cz\\\/vysocina\\\/\",\"name\":\"\u0158editelstv\u00ed silnic a d\u00e1lnic s. p. pro kraj Vyso\u010dina\",\"description\":\"\",\"potentialAction\":[{\"@type\":\"SearchAction\",\"target\":{\"@type\":\"EntryPoint\",\"urlTemplate\":\"https:\\\/\\\/kraje.rsd.cz\\\/vysocina\\\/?s={search_term_string}\"},\"query-input\":{\"@type\":\"PropertyValueSpecification\",\"valueRequired\":true,\"valueName\":\"search_term_string\"}}],\"inLanguage\":\"cs\"}]}<\/script>\n<!-- \/ Yoast SEO plugin. -->","yoast_head_json":{"title":"Fotogalerie - \u0158editelstv\u00ed silnic a d\u00e1lnic s. p. pro kraj Vyso\u010dina","robots":{"index":"index","follow":"follow","max-snippet":"max-snippet:-1","max-image-preview":"max-image-preview:large","max-video-preview":"max-video-preview:-1"},"canonical":"https:\/\/kraje.rsd.cz\/vysocina\/fotogalerie\/","og_locale":"cs_CZ","og_type":"article","og_title":"Fotogalerie - \u0158editelstv\u00ed silnic a d\u00e1lnic s. p. pro kraj Vyso\u010dina","og_url":"https:\/\/kraje.rsd.cz\/vysocina\/fotogalerie\/","og_site_name":"\u0158editelstv\u00ed silnic a d\u00e1lnic s. p. pro kraj Vyso\u010dina","article_modified_time":"2025-10-07T09:38:20+00:00","twitter_card":"summary_large_image","twitter_misc":{"Odhadovan\u00e1 doba \u010dten\u00ed":"1 minuta"},"schema":{"@context":"https:\/\/schema.org","@graph":[{"@type":"WebPage","@id":"https:\/\/kraje.rsd.cz\/vysocina\/fotogalerie\/","url":"https:\/\/kraje.rsd.cz\/vysocina\/fotogalerie\/","name":"Fotogalerie - \u0158editelstv\u00ed silnic a d\u00e1lnic s. p. pro kraj Vyso\u010dina","isPartOf":{"@id":"https:\/\/kraje.rsd.cz\/vysocina\/#website"},"datePublished":"2025-10-07T09:27:22+00:00","dateModified":"2025-10-07T09:38:20+00:00","breadcrumb":{"@id":"https:\/\/kraje.rsd.cz\/vysocina\/fotogalerie\/#breadcrumb"},"inLanguage":"cs","potentialAction":[{"@type":"ReadAction","target":["https:\/\/kraje.rsd.cz\/vysocina\/fotogalerie\/"]}]},{"@type":"BreadcrumbList","@id":"https:\/\/kraje.rsd.cz\/vysocina\/fotogalerie\/#breadcrumb","itemListElement":[{"@type":"ListItem","position":1,"name":"Dom\u016f","item":"https:\/\/kraje.rsd.cz\/vysocina\/"},{"@type":"ListItem","position":2,"name":"Fotogalerie"}]},{"@type":"WebSite","@id":"https:\/\/kraje.rsd.cz\/vysocina\/#website","url":"https:\/\/kraje.rsd.cz\/vysocina\/","name":"\u0158editelstv\u00ed silnic a d\u00e1lnic s. p. pro kraj Vyso\u010dina","description":"","potentialAction":[{"@type":"SearchAction","target":{"@type":"EntryPoint","urlTemplate":"https:\/\/kraje.rsd.cz\/vysocina\/?s={search_term_string}"},"query-input":{"@type":"PropertyValueSpecification","valueRequired":true,"valueName":"search_term_string"}}],"inLanguage":"cs"}]}},"_links":{"self":[{"href":"https:\/\/kraje.rsd.cz\/vysocina\/wp-json\/wp\/v2\/pages\/3844","targetHints":{"allow":["GET"]}}],"collection":[{"href":"https:\/\/kraje.rsd.cz\/vysocina\/wp-json\/wp\/v2\/pages"}],"about":[{"href":"https:\/\/kraje.rsd.cz\/vysocina\/wp-json\/wp\/v2\/types\/page"}],"author":[{"embeddable":true,"href":"https:\/\/kraje.rsd.cz\/vysocina\/wp-json\/wp\/v2\/users\/1"}],"replies":[{"embeddable":true,"href":"https:\/\/kraje.rsd.cz\/vysocina\/wp-json\/wp\/v2\/comments?post=3844"}],"version-history":[{"count":0,"href":"https:\/\/kraje.rsd.cz\/vysocina\/wp-json\/wp\/v2\/pages\/3844\/revisions"}],"wp:attachment":[{"href":"https:\/\/kraje.rsd.cz\/vysocina\/wp-json\/wp\/v2\/media?parent=3844"}],"curies":[{"name":"wp","href":"https:\/\/api.w.org\/{rel}","templated":true}]}}